{"id":10029,"date":"2016-07-31T13:50:02","date_gmt":"2016-07-31T11:50:02","guid":{"rendered":"http:\/\/localhost\/jm2\/ca\/?page_id=10029"},"modified":"2025-10-02T08:36:33","modified_gmt":"2025-10-02T07:36:33","slug":"jose-mestre","status":"publish","type":"page","link":"https:\/\/josemestre.com\/ca\/","title":{"rendered":"Material sanitario, productos de ortopedia y envases de plastico y vidrio"},"content":{"rendered":"<p>[vc_row][vc_column][\/vc_column][\/vc_row][vc_row content_placement=&#8221;top&#8221; el_id=&#8221;home_meta_seo_title&#8221;][vc_column][vc_column_text]<\/p>\n<h1>JOS\u00c9 MESTRE, S. A., \u00e9s una empresa familiar amb m\u00e9s de 50 anys d&#8217;experi\u00e8ncia en el sector. Pioners en la personalitzaci\u00f3 dels envasos.<\/h1>\n<p>[\/vc_column_text][vc_column_text]Ens caracteritzem per ser fabricants i distribu\u00efdors de productes per a farmac\u00e8utics i envasos destinats principalment a la ind\u00fastria farmac\u00e8utica, cosm\u00e8tica i perfumeria. Disposem d&#8217;un extens cat\u00e0leg amb m\u00e9s d&#8217;1.000 refer\u00e8ncies que subministrem amb garantia de qualitat.<\/p>\n<p>Tots els envasos que fabriquem son 100% reciclables.[\/vc_column_text][\/vc_column][\/vc_row]<\/p>\n","protected":false},"excerpt":{"rendered":"<p>[vc_row][vc_column][\/vc_column][\/vc_row][vc_row content_placement=&#8221;top&#8221; el_id=&#8221;home_meta_seo_title&#8221;][vc_column][vc_column_text] JOS\u00c9 MESTRE, S. A., \u00e9s una empresa familiar amb m\u00e9s de 50 anys d&#8217;experi\u00e8ncia en el sector. Pioners en la personalitzaci\u00f3 dels envasos. [\/vc_column_text][vc_column_text]Ens caracteritzem per ser fabricants i distribu\u00efdors de productes per a farmac\u00e8utics i envasos destinats principalment a la ind\u00fastria farmac\u00e8utica, cosm\u00e8tica i perfumeria. Disposem d&#8217;un extens cat\u00e0leg amb m\u00e9s [&hellip;]<\/p>\n","protected":false},"author":2,"featured_media":0,"parent":0,"menu_order":0,"comment_status":"closed","ping_status":"closed","template":"page_home.php","meta":[],"_links":{"self":[{"href":"https:\/\/josemestre.com\/ca\/wp-json\/wp\/v2\/pages\/10029"}],"collection":[{"href":"https:\/\/josemestre.com\/ca\/wp-json\/wp\/v2\/pages"}],"about":[{"href":"https:\/\/josemestre.com\/ca\/wp-json\/wp\/v2\/types\/page"}],"author":[{"embeddable":true,"href":"https:\/\/josemestre.com\/ca\/wp-json\/wp\/v2\/users\/2"}],"replies":[{"embeddable":true,"href":"https:\/\/josemestre.com\/ca\/wp-json\/wp\/v2\/comments?post=10029"}],"version-history":[{"count":17,"href":"https:\/\/josemestre.com\/ca\/wp-json\/wp\/v2\/pages\/10029\/revisions"}],"predecessor-version":[{"id":29834,"href":"https:\/\/josemestre.com\/ca\/wp-json\/wp\/v2\/pages\/10029\/revisions\/29834"}],"wp:attachment":[{"href":"https:\/\/josemestre.com\/ca\/wp-json\/wp\/v2\/media?parent=10029"}],"curies":[{"name":"wp","href":"https:\/\/api.w.org\/{rel}","templated":true}]}}