{"id":10091,"date":"2016-07-24T17:15:48","date_gmt":"2016-07-24T15:15:48","guid":{"rendered":"http:\/\/localhost\/jm2\/ca\/catalogo\/"},"modified":"2025-09-19T10:38:30","modified_gmt":"2025-09-19T09:38:30","slug":"cataleg","status":"publish","type":"page","link":"https:\/\/josemestre.com\/ca\/cataleg\/","title":{"rendered":"Cat\u00e0legs"},"content":{"rendered":"<p>[vc_row][vc_column][vc_column_text]Entri, descobreixi i descarregui\u2019s els nostres cat\u00e0legs d\u2019envasos, ortop\u00e8dia i d&#8217;ajudes t\u00e8cniques:<\/p>\n<ul>\n<li><a href=\"https:\/\/josemestre.com\/pdf\/ca\/CATALOGO_ENVASES_CAT.pdf\">Cat\u00e0leg envasos<\/a><\/li>\n<li><a href=\"https:\/\/josemestre.com\/pdf\/es\/CATALOGO_ORTOPEDIA_CAST.pdf\">Cat\u00e0leg ortop\u00e8dia<\/a><\/li>\n<li><a href=\"https:\/\/josemestre.com\/pdf\/ca\/CATALOGO_AYUDAS_2025_CAT_red.pdf\">Cat\u00e0leg ajudes t\u00e8cniques<\/a><\/li>\n<\/ul>\n<p>[\/vc_column_text][\/vc_column][\/vc_row]<\/p>\n","protected":false},"excerpt":{"rendered":"<p>[vc_row][vc_column][vc_column_text]Entri, descobreixi i descarregui\u2019s els nostres cat\u00e0legs d\u2019envasos, ortop\u00e8dia i d&#8217;ajudes t\u00e8cniques: Cat\u00e0leg envasos Cat\u00e0leg ortop\u00e8dia Cat\u00e0leg ajudes t\u00e8cniques [\/vc_column_text][\/vc_column][\/vc_row]<\/p>\n","protected":false},"author":2,"featured_media":0,"parent":0,"menu_order":0,"comment_status":"closed","ping_status":"closed","template":"","meta":[],"_links":{"self":[{"href":"https:\/\/josemestre.com\/ca\/wp-json\/wp\/v2\/pages\/10091"}],"collection":[{"href":"https:\/\/josemestre.com\/ca\/wp-json\/wp\/v2\/pages"}],"about":[{"href":"https:\/\/josemestre.com\/ca\/wp-json\/wp\/v2\/types\/page"}],"author":[{"embeddable":true,"href":"https:\/\/josemestre.com\/ca\/wp-json\/wp\/v2\/users\/2"}],"replies":[{"embeddable":true,"href":"https:\/\/josemestre.com\/ca\/wp-json\/wp\/v2\/comments?post=10091"}],"version-history":[{"count":14,"href":"https:\/\/josemestre.com\/ca\/wp-json\/wp\/v2\/pages\/10091\/revisions"}],"predecessor-version":[{"id":29767,"href":"https:\/\/josemestre.com\/ca\/wp-json\/wp\/v2\/pages\/10091\/revisions\/29767"}],"wp:attachment":[{"href":"https:\/\/josemestre.com\/ca\/wp-json\/wp\/v2\/media?parent=10091"}],"curies":[{"name":"wp","href":"https:\/\/api.w.org\/{rel}","templated":true}]}}