{"id":10096,"date":"2016-08-01T15:49:57","date_gmt":"2016-08-01T13:49:57","guid":{"rendered":"http:\/\/localhost\/jm2\/ca\/?page_id=10096"},"modified":"2019-04-05T10:09:32","modified_gmt":"2019-04-05T09:09:32","slug":"empresa","status":"publish","type":"page","link":"https:\/\/josemestre.com\/ca\/empresa\/","title":{"rendered":"Empresa"},"content":{"rendered":"<p>[vc_row][vc_column][vc_single_image image=&#8221;32&#8243; img_size=&#8221;full&#8221; alignment=&#8221;center&#8221;][\/vc_column][\/vc_row][vc_row][vc_column][vc_column_text]Jos\u00e9 Mestre, S.A. va ser fundada el 1958 a Barcelona. Va n\u00e9ixer com una empresa dedicada a comercialitzar productes ortop\u00e8dics i de puericultura.<\/p>\n<p>Al llarg de la seva hist\u00f2ria, Jos\u00e9 Mestre S.A. ha aconseguit consolidar les seves marques i productes dins d\u2019un mercat en constant evoluci\u00f3 i gr\u00e0cies a la seva pol\u00edtica d\u2019assessorament directe i la seva constant renovaci\u00f3.<\/p>\n<p>Amb una gran tradici\u00f3 dins del mercat, la nostra empresa s\u2019ha distingit durant tots aquests anys per oferir als seus clients la m\u00e0xima qualitat i un tracte proper per a intentar adaptar-nos a les seves necessitats. Aix\u00f2 ens es possible gr\u00e0cies a l\u2019experi\u00e8ncia que hem adquirit amb el temps; experi\u00e8ncia que intentem transmetre dia a dia a cada client.[\/vc_column_text][\/vc_column][\/vc_row][vc_row][vc_column width=&#8221;1\/3&#8243;][vc_single_image image=&#8221;35&#8243; img_size=&#8221;full&#8221; alignment=&#8221;center&#8221; style=&#8221;vc_box_shadow&#8221;][\/vc_column][vc_column width=&#8221;2\/3&#8243;][vc_column_text]Actualment, Jos\u00e9 Mestre, S.A. es una empresa de tercera generaci\u00f3 en la que seguim investigant per a crear noves propostes dins d\u2019un mercat cada cop mes competitiu per\u00f2 sense oblidar aquells valors que ens defineixen i ens han posicionat on ens trobem.<\/p>\n<p>La pol\u00edtica de millora continua que s\u2019aplica en tots els \u00e0mbits i l\u2019adaptaci\u00f3 a les noves normatives que regeixen el mercat, ens permeten garantir la seguretat i prestacions de tots els nostres productes.<\/p>\n<p>Tots els productes sanitaris que comercialitzem porten el marcat CE de conformitat.[\/vc_column_text][\/vc_column][\/vc_row][vc_row][vc_column][vc_column_text]<\/p>\n<h2>Les nostres marques:<\/h2>\n<p>[\/vc_column_text][\/vc_column][\/vc_row][vc_row][vc_column][vc_column_text]<div class=\"woocommerce columns-4\"><ul class=\"products columns-4\">\n<li class=\"product-category product first\">\n\t<div class=\"phi_cat_desc\"><\/div><\/li>\n<li class=\"product-category product\">\n\t<div class=\"phi_cat_desc\"><\/div><\/li>\n<li class=\"product-category product\">\n\t<div class=\"phi_cat_desc\"><\/div><\/li>\n<li class=\"product-category product last\">\n\t<div class=\"phi_cat_desc\"><\/div><\/li>\n<li class=\"product-category product first\">\n\t<div class=\"phi_cat_desc\"><\/div><\/li>\n<li class=\"product-category product\">\n\t<div class=\"phi_cat_desc\"><\/div><\/li>\n<li class=\"product-category product\">\n\t<div class=\"phi_cat_desc\"><\/div><\/li>\n<li class=\"product-category product last\">\n\t<div class=\"phi_cat_desc\"><\/div><\/li>\n<li class=\"product-category product first\">\n\t<div class=\"phi_cat_desc\"><\/div><\/li>\n<\/ul>\n<\/div>[\/vc_column_text][\/vc_column][\/vc_row][vc_row][vc_column][vc_column_text]<\/p>\n<h2>Videos promocionals:<\/h2>\n<p>[\/vc_column_text][\/vc_column][\/vc_row][vc_row][vc_column width=&#8221;1\/2&#8243;][vc_video link=&#8221;https:\/\/youtu.be\/XyBtcItbhmA&#8221;][vc_video link=&#8221;https:\/\/youtu.be\/s_MzYspuAgg&#8221;][\/vc_column][vc_column width=&#8221;1\/2&#8243;][vc_video link=&#8221;https:\/\/youtu.be\/Tz43m_jw3jw&#8221;][\/vc_column][\/vc_row]<\/p>\n","protected":false},"excerpt":{"rendered":"<p>[vc_row][vc_column][vc_single_image image=&#8221;32&#8243; img_size=&#8221;full&#8221; alignment=&#8221;center&#8221;][\/vc_column][\/vc_row][vc_row][vc_column][vc_column_text]Jos\u00e9 Mestre, S.A. va ser fundada el 1958 a Barcelona. Va n\u00e9ixer com una empresa dedicada a comercialitzar productes ortop\u00e8dics i de puericultura. Al llarg de la seva hist\u00f2ria, Jos\u00e9 Mestre S.A. ha aconseguit consolidar les seves marques i productes dins d\u2019un mercat en constant evoluci\u00f3 i gr\u00e0cies a la seva pol\u00edtica [&hellip;]<\/p>\n","protected":false},"author":2,"featured_media":0,"parent":0,"menu_order":0,"comment_status":"closed","ping_status":"closed","template":"","meta":[],"_links":{"self":[{"href":"https:\/\/josemestre.com\/ca\/wp-json\/wp\/v2\/pages\/10096"}],"collection":[{"href":"https:\/\/josemestre.com\/ca\/wp-json\/wp\/v2\/pages"}],"about":[{"href":"https:\/\/josemestre.com\/ca\/wp-json\/wp\/v2\/types\/page"}],"author":[{"embeddable":true,"href":"https:\/\/josemestre.com\/ca\/wp-json\/wp\/v2\/users\/2"}],"replies":[{"embeddable":true,"href":"https:\/\/josemestre.com\/ca\/wp-json\/wp\/v2\/comments?post=10096"}],"version-history":[{"count":9,"href":"https:\/\/josemestre.com\/ca\/wp-json\/wp\/v2\/pages\/10096\/revisions"}],"predecessor-version":[{"id":23902,"href":"https:\/\/josemestre.com\/ca\/wp-json\/wp\/v2\/pages\/10096\/revisions\/23902"}],"wp:attachment":[{"href":"https:\/\/josemestre.com\/ca\/wp-json\/wp\/v2\/media?parent=10096"}],"curies":[{"name":"wp","href":"https:\/\/api.w.org\/{rel}","templated":true}]}}