{"id":10113,"date":"2016-08-01T16:08:03","date_gmt":"2016-08-01T14:08:03","guid":{"rendered":"http:\/\/localhost\/jm2\/ca\/?page_id=10113"},"modified":"2025-07-31T16:49:03","modified_gmt":"2025-07-31T15:49:03","slug":"contacte","status":"publish","type":"page","link":"https:\/\/josemestre.com\/ca\/contacte\/","title":{"rendered":"Contacte"},"content":{"rendered":"<p>[vc_row][vc_column][vc_gmaps link=&#8221;#E-8_JTNDaWZyYW1lJTIwc3JjJTNEJTIyaHR0cHMlM0ElMkYlMkZ3d3cuZ29vZ2xlLmNvbSUyRm1hcHMlMkZlbWJlZCUzRnBiJTNEJTIxMW0xOCUyMTFtMTIlMjExbTMlMjExZDExOTY4Ljc2NjQwOTgxNzA4MyUyMTJkMi4xNDY2MzM1NDI1OTE1NDglMjEzZDQxLjQxMzM1OTI2MDU2NTU4NSUyMTJtMyUyMTFmMCUyMTJmMCUyMTNmMCUyMTNtMiUyMTFpMTAyNCUyMTJpNzY4JTIxNGYxMy4xJTIxM20zJTIxMW0yJTIxMXMweDEyYTRhMmJiOTgxZGZmNzklMjUzQTB4YWJjM2M5MjA5Y2E5NmFjJTIxMnNKb3NlJTJCTWVzdHJlJTJCU0ElMjE1ZTAlMjEzbTIlMjExc2VzJTIxMnN1cyUyMTR2MTQ1MzE0MzExOTU3NiUyMiUyMGhlaWdodCUzRCUyMjQ1MCUyMiUyMGZyYW1lYm9yZGVyJTNEJTIyMCUyMiUyMHN0eWxlJTNEJTIyYm9yZGVyJTNBMCUyMiUyMGFsbG93ZnVsbHNjcmVlbiUzRSUzQyUyRmlmcmFtZSUzRQ==&#8221; css=&#8221;.vc_custom_1453375230270{margin-right: 0px !important;margin-left: 0px !important;}&#8221;][\/vc_column][\/vc_row][vc_row][vc_column width=&#8221;1\/4&#8243;][vc_column_text]<\/p>\n<h2>JOS\u00c9 MESTRE S.A.<\/h2>\n<p>Provid\u00e8ncia,70<br \/>\n08024 &#8211; Barcelona<br \/>\nTel. +34 932 857 040[\/vc_column_text][\/vc_column][vc_column width=&#8221;1\/4&#8243;][vc_column_text]<\/p>\n<h2>DELEGACI\u00d3N A MADRID<\/h2>\n<p>Avda. Pedro Diez, 27<br \/>\n28019 &#8211; Madrid<br \/>\nTel. +34 914 720 985[\/vc_column_text][\/vc_column][vc_column width=&#8221;1\/4&#8243;][vc_column_text]<\/p>\n<h2>DISTRIBUIDOR A MURCIA<\/h2>\n<p>Avda. de la Fama, 10<br \/>\n30003 &#8211; Murcia<br \/>\nTel. +34\u00a0968 342 658<br \/>\nFax +34\u00a0968 342 658[\/vc_column_text][\/vc_column][vc_column width=&#8221;1\/4&#8243;][vc_column_text]<\/p>\n<h2><\/h2>\n<p>[\/vc_column_text][\/vc_column][\/vc_row][vc_row][vc_column][vc_column_text]<\/p>\n<h2>Contactes per departaments<\/h2>\n<p>[\/vc_column_text][vc_row_inner][vc_column_inner width=&#8221;1\/2&#8243;][vc_column_text]<strong>Departament de Ventes:<\/strong><br \/>\n<a href=\"mailto:r.insa@josemestre.com\">r.insa@josemestre.com<\/a><br \/>\n<strong>Departament de Compres:<\/strong><br \/>\n<a href=\"mailto:j.baro@josemestre.com\">j.baro@josemestre.com<\/a><br \/>\n<strong>Departament T\u00e8cnic:<\/strong><br \/>\n<a href=\"mailto:r.huarte@josemestre.com\">r.huarte@josemestre.com<\/a>[\/vc_column_text][\/vc_column_inner][vc_column_inner width=&#8221;1\/2&#8243;][vc_column_text]<strong>Departament Administraci\u00f3n:<\/strong><br \/>\n<a href=\"mailto:e.roca@josemestre.com\">e.roca@josemestre.com<\/a><br \/>\n<strong>Departament Inform\u00e0tic:<\/strong><br \/>\n<a href=\"mailto:webmaster@josemestre.com\">webmaster@josemestre.com<\/a><br \/>\n<strong>Departament de Ventes a la delegaci\u00f3 de Madrid:<\/strong><br \/>\n<a href=\"mailto:j.canalda@josemestre.com\">j.canalda@josemestre.com<\/a>[\/vc_column_text][\/vc_column_inner][\/vc_row_inner][\/vc_column][\/vc_row][vc_row css=&#8221;.vc_custom_1453147971331{padding-top: 30px !important;}&#8221;][vc_column][vc_column_text]<\/p>\n<h2>Formulari de contacte<\/h2>\n<p>[\/vc_column_text][vc_column_text]<div class=\"wpcf7 no-js\" id=\"wpcf7-f10115-o1\" lang=\"es-ES\" dir=\"ltr\">\n<div class=\"screen-reader-response\"><p role=\"status\" aria-live=\"polite\" aria-atomic=\"true\"><\/p> <ul><\/ul><\/div>\n<form action=\"\/ca\/wp-json\/wp\/v2\/pages\/10113#wpcf7-f10115-o1\" method=\"post\" class=\"wpcf7-form init\" aria-label=\"Contact form\" novalidate=\"novalidate\" data-status=\"init\">\n<div style=\"display: none;\">\n<input type=\"hidden\" name=\"_wpcf7\" value=\"10115\" \/>\n<input type=\"hidden\" name=\"_wpcf7_version\" value=\"5.7.2\" \/>\n<input type=\"hidden\" name=\"_wpcf7_locale\" value=\"es_ES\" \/>\n<input type=\"hidden\" name=\"_wpcf7_unit_tag\" value=\"wpcf7-f10115-o1\" \/>\n<input type=\"hidden\" name=\"_wpcf7_container_post\" value=\"0\" \/>\n<input type=\"hidden\" name=\"_wpcf7_posted_data_hash\" value=\"\" \/>\n<\/div>\n<p>Nom\n<\/p>\n<p><span class=\"wpcf7-form-control-wrap\" data-name=\"your-name\"><input size=\"40\" class=\"wpcf7-form-control wpcf7-text wpcf7-validates-as-required\" aria-required=\"true\" aria-invalid=\"false\" value=\"\" type=\"text\" name=\"your-name\" \/><\/span>\n<\/p>\n<p>Cognom\n<\/p>\n<p><span class=\"wpcf7-form-control-wrap\" data-name=\"your-apellido\"><input size=\"40\" class=\"wpcf7-form-control wpcf7-text\" aria-invalid=\"false\" value=\"\" type=\"text\" name=\"your-apellido\" \/><\/span>\n<\/p>\n<p>Empresa\n<\/p>\n<p><span class=\"wpcf7-form-control-wrap\" data-name=\"your-empresa\"><input size=\"40\" class=\"wpcf7-form-control wpcf7-text\" aria-invalid=\"false\" value=\"\" type=\"text\" name=\"your-empresa\" \/><\/span>\n<\/p>\n<p>Email (obligatori)\n<\/p>\n<p><span class=\"wpcf7-form-control-wrap\" data-name=\"your-email\"><input size=\"40\" class=\"wpcf7-form-control wpcf7-text wpcf7-email wpcf7-validates-as-required wpcf7-validates-as-email\" aria-required=\"true\" aria-invalid=\"false\" value=\"\" type=\"email\" name=\"your-email\" \/><\/span>\n<\/p>\n<p>N\u00famero de tel\u00e8fon\n<\/p>\n<p><span class=\"wpcf7-form-control-wrap\" data-name=\"tel-81\"><input size=\"40\" class=\"wpcf7-form-control wpcf7-text wpcf7-tel wpcf7-validates-as-tel\" aria-invalid=\"false\" value=\"\" type=\"tel\" name=\"tel-81\" \/><\/span>\n<\/p>\n<p>Fax\n<\/p>\n<p><span class=\"wpcf7-form-control-wrap\" data-name=\"tel-fax\"><input size=\"40\" class=\"wpcf7-form-control wpcf7-text wpcf7-tel wpcf7-validates-as-tel\" aria-invalid=\"false\" value=\"\" type=\"tel\" name=\"tel-fax\" \/><\/span>\n<\/p>\n<p>Ciutat\n<\/p>\n<p><span class=\"wpcf7-form-control-wrap\" data-name=\"text-poblacion\"><input size=\"40\" class=\"wpcf7-form-control wpcf7-text\" aria-invalid=\"false\" value=\"\" type=\"text\" name=\"text-poblacion\" \/><\/span>\n<\/p>\n<p>Assumpte\n<\/p>\n<p><span class=\"wpcf7-form-control-wrap\" data-name=\"your-subject\"><input size=\"40\" class=\"wpcf7-form-control wpcf7-text\" aria-invalid=\"false\" value=\"\" type=\"text\" name=\"your-subject\" \/><\/span>\n<\/p>\n<p>Missatge\n<\/p>\n<p><span class=\"wpcf7-form-control-wrap\" data-name=\"your-message\"><textarea cols=\"40\" rows=\"10\" class=\"wpcf7-form-control wpcf7-textarea\" aria-invalid=\"false\" name=\"your-message\"><\/textarea><\/span>\n<\/p>\n<p><input class=\"wpcf7-form-control has-spinner wpcf7-submit\" type=\"submit\" value=\"Enviar\" \/>\n<\/p><div class=\"wpcf7-response-output\" aria-hidden=\"true\"><\/div><\/form><\/div>[\/vc_column_text][\/vc_column][\/vc_row][vc_row][vc_column][vc_column_text]<\/p>\n<p style=\"text-align: center;\"><em>JOSE MESTRE SA es compromet a garantir la seguretat de les seves dades i a guardar-les en la m\u00e9s estricta confidencialitat d\u2019acord amb el Reglament de Protecci\u00f3 de Dades Personals (Reglament UE 2016\/679, del 27 d\u2019abril de 2016) i amb la Llei 34\/2002, del 11 de juliol, de serveis de la societat de la informaci\u00f3 i de comer\u00e7 electr\u00f2nic (LSSICE).<\/em><\/p>\n<p style=\"text-align: center;\"><em>Podr\u00e0 exercir els seus drets d\u2019acc\u00e9s, rectificaci\u00f3, limitaci\u00f3, supressi\u00f3, portabilitat, cancel\u00b7laci\u00f3 i oposici\u00f3 sobre les seves dades personals, mitjan\u00e7ant carta certificada a l\u2019atenci\u00f3 del departament d\u2019atenci\u00f3 al client amb la refer\u00e8ncia \u201cPROTECCI\u00d3 DE DADES\u201d a la nostra oficina central ubicada al C\/Provid\u00e8ncia, 70 \u2013 08024 Barcelona, adjuntant una c\u00f2pia d\u2019un document oficial d\u2019identificaci\u00f3 (DNI\/CIF\/Passaport).<\/em><\/p>\n<p>[\/vc_column_text][\/vc_column][\/vc_row]<\/p>\n","protected":false},"excerpt":{"rendered":"<p>[vc_row][vc_column][vc_gmaps link=&#8221;#E-8_JTNDaWZyYW1lJTIwc3JjJTNEJTIyaHR0cHMlM0ElMkYlMkZ3d3cuZ29vZ2xlLmNvbSUyRm1hcHMlMkZlbWJlZCUzRnBiJTNEJTIxMW0xOCUyMTFtMTIlMjExbTMlMjExZDExOTY4Ljc2NjQwOTgxNzA4MyUyMTJkMi4xNDY2MzM1NDI1OTE1NDglMjEzZDQxLjQxMzM1OTI2MDU2NTU4NSUyMTJtMyUyMTFmMCUyMTJmMCUyMTNmMCUyMTNtMiUyMTFpMTAyNCUyMTJpNzY4JTIxNGYxMy4xJTIxM20zJTIxMW0yJTIxMXMweDEyYTRhMmJiOTgxZGZmNzklMjUzQTB4YWJjM2M5MjA5Y2E5NmFjJTIxMnNKb3NlJTJCTWVzdHJlJTJCU0ElMjE1ZTAlMjEzbTIlMjExc2VzJTIxMnN1cyUyMTR2MTQ1MzE0MzExOTU3NiUyMiUyMGhlaWdodCUzRCUyMjQ1MCUyMiUyMGZyYW1lYm9yZGVyJTNEJTIyMCUyMiUyMHN0eWxlJTNEJTIyYm9yZGVyJTNBMCUyMiUyMGFsbG93ZnVsbHNjcmVlbiUzRSUzQyUyRmlmcmFtZSUzRQ==&#8221; css=&#8221;.vc_custom_1453375230270{margin-right: 0px !important;margin-left: 0px !important;}&#8221;][\/vc_column][\/vc_row][vc_row][vc_column width=&#8221;1\/4&#8243;][vc_column_text] JOS\u00c9 MESTRE S.A. Provid\u00e8ncia,70 08024 &#8211; Barcelona Tel. +34 932 857 040[\/vc_column_text][\/vc_column][vc_column width=&#8221;1\/4&#8243;][vc_column_text] DELEGACI\u00d3N A MADRID Avda. Pedro Diez, 27 28019 &#8211; Madrid Tel. +34 914 720 985[\/vc_column_text][\/vc_column][vc_column width=&#8221;1\/4&#8243;][vc_column_text] DISTRIBUIDOR A MURCIA Avda. de la Fama, 10 30003 &#8211; Murcia Tel. +34\u00a0968 342 658 Fax +34\u00a0968 342 [&hellip;]<\/p>\n","protected":false},"author":2,"featured_media":0,"parent":0,"menu_order":0,"comment_status":"closed","ping_status":"closed","template":"","meta":[],"_links":{"self":[{"href":"https:\/\/josemestre.com\/ca\/wp-json\/wp\/v2\/pages\/10113"}],"collection":[{"href":"https:\/\/josemestre.com\/ca\/wp-json\/wp\/v2\/pages"}],"about":[{"href":"https:\/\/josemestre.com\/ca\/wp-json\/wp\/v2\/types\/page"}],"author":[{"embeddable":true,"href":"https:\/\/josemestre.com\/ca\/wp-json\/wp\/v2\/users\/2"}],"replies":[{"embeddable":true,"href":"https:\/\/josemestre.com\/ca\/wp-json\/wp\/v2\/comments?post=10113"}],"version-history":[{"count":8,"href":"https:\/\/josemestre.com\/ca\/wp-json\/wp\/v2\/pages\/10113\/revisions"}],"predecessor-version":[{"id":29665,"href":"https:\/\/josemestre.com\/ca\/wp-json\/wp\/v2\/pages\/10113\/revisions\/29665"}],"wp:attachment":[{"href":"https:\/\/josemestre.com\/ca\/wp-json\/wp\/v2\/media?parent=10113"}],"curies":[{"name":"wp","href":"https:\/\/api.w.org\/{rel}","templated":true}]}}