{"id":10130,"date":"2016-08-01T20:13:11","date_gmt":"2016-08-01T20:13:11","guid":{"rendered":"http:\/\/localhost\/jm2\/ca\/?page_id=10130"},"modified":"2016-08-01T20:13:11","modified_gmt":"2016-08-01T20:13:11","slug":"politica-de-cookies","status":"publish","type":"page","link":"https:\/\/josemestre.com\/ca\/politica-de-cookies\/","title":{"rendered":"Pol\u00edtica de Cookies"},"content":{"rendered":"<p style=\"text-align: justify;\"> Aquest lloc web, igual que la majoria dels llocs a Internet, utilitza Cookies per millorar i optimitzar l&#8217;experi\u00e8ncia de l&#8217; usuari.<\/p>\n<p style=\"text-align: justify;\"> <strong> Qu\u00e8 s\u00f3n les Cookies i com les utilitzen els llocs web?<\/strong><\/p>\n<p style=\"text-align: justify;\"> Les Cookies s\u00f3n fitxers que el lloc web o l&#8217;aplicaci\u00f3 que utilitzes o al teu dispositiu durant el teu recorregut per les p\u00e0gines o per l&#8217;aplicaci\u00f3, i serveixen per emmagatzemar informaci\u00f3 sobre la teva visita. Com la majoria dels llocs a internet, aquest portal pot utilitzar cookies per:<\/p>\n<ul style=\"text-align: justify;\">\n<li>Assegurar que les p\u00e0gines web puguin funcionar<\/li>\n<li>Con\u00e8ixer la teva experi\u00e8ncia de navegaci\u00f3.<\/li>\n<li>Recopilar informaci\u00f3 estad\u00edstica an\u00f2nima, com quines p\u00e0gines has vist o quant de temps has estat al nostre lloc.<\/li>\n<\/ul>\n<p style=\"text-align: justify;\"> L&#8217;\u00fas de Cookies ens permet optimitzar la teva navegaci\u00f3, adaptant la informaci\u00f3 i els serveis oferts als teus interessos, per proporcionar una millor experi\u00e8ncia sempre que ens visiteu.<\/p>\n<p style=\"text-align: justify;\"> Les Cookies s&#8217;associen \u00fanicament a un usuari an\u00f2nim i el seu ordinador \/ dispositiu i no proporcionen refer\u00e8ncies que permetin con\u00e8ixer dades personals. En tot moment podr\u00e0s accedir a la configuraci\u00f3 del teu navegador per modificar i \/ o bloquejar la instal \u00b7 laci\u00f3 de les Cookies enviades per aquest lloc web, per\u00f2, la qualitat del funcionament dels Serveis es pot veure afectada.<\/p>\n<p style=\"text-align: justify;\"> <strong> Per qu\u00e8 s\u00f3n importants?<\/strong><\/p>\n<ul style=\"text-align: justify;\">\n<li>Des d&#8217;un punt de vista t\u00e8cnic, permeten que els llocs web funcionin de forma m\u00e9s \u00e0gil i adaptada a les prefer\u00e8ncies dels usuaris, com ara emmagatzemar l&#8217;idioma, la moneda del pa\u00eds o detectar el dispositiu d&#8217;acc\u00e9s.<\/li>\n<li>Estableixen nivells de protecci\u00f3 i seguretat que Impedeixen o dificulten ciberatacs contra el lloc web o els seus usuaris.<\/li>\n<li>Permeten que els gestors dels mitjans puguin con\u00e8ixer dades estad\u00edstiques recopilades en les Cookies per millorar la qualitat i experi\u00e8ncia dels seus serveis.<\/li>\n<li>Serveixen per optimitzar la publicitat que mostrem als usuaris, oferint la que m\u00e9s s&#8217;ajusta als seus interessos.<\/li>\n<\/ul>\n<p><\/p>\n<p style=\"text-align: justify;\"> <strong> Quins tipus de Cookies pot trobar en aquesta web?<\/strong><\/p>\n<ul style=\"text-align: justify;\">\n<li>Les de sessi\u00f3 expiren quan l&#8217;Usuari abandona la p\u00e0gina o tanca el navegador, \u00e9s a dir, estan actives mentre dura la visita al lloc web i per tant s\u00f3n esborrades del nostre ordinador al abandonar-lo.<\/li>\n<li>Les permanents expiren quan es compleix l&#8217;objectiu per al qual serveixen o b\u00e9 quan s&#8217;esborren manualment, tenen data d&#8217;esborrat i s&#8217;utilitzen normalment en processos de compra en l\u00ednia, personalitzacions o en el registre, per no haver d&#8217;introduir la nostra contrasenya constantment.<\/li>\n<\/ul>\n<p><\/p>\n<p style=\"text-align: justify;\"> D&#8217;altra banda, segons qui sigui l&#8217;entitat que gestioni l&#8217;equip o domini des d&#8217;on s&#8217;envien les cookies i tracti les dades que s&#8217;obtinguin, podem distingir entre Cookies pr\u00f2pies i de tercers.<\/p>\n<ul style=\"text-align: justify;\">\n<li>Les Cookies pr\u00f2pies s\u00f3n aquelles Cookies que s\u00f3n enviades al teu ordinador i gestionades exclusivament per nosaltres per al millor funcionament del lloc web. La informaci\u00f3 que recaptem s&#8217;empra per millorar la qualitat del nostre servei i la teva experi\u00e8ncia com a usuari.<\/li>\n<li>Si interactues amb el contingut del nostre lloc web tamb\u00e9 es poden establir Cookies de tercers ( per exemple, en pr\u00e9mer botons de xarxes socials o visionar v\u00eddeos allotjats en un altre lloc web ), que s\u00f3n aquelles establertes per un domini diferent del nostre lloc web. No podem accedir a les dades emmagatzemades en les Cookies d&#8217;altres llocs web quan navegues en els esmentats llocs web.<\/li>\n<\/ul>\n<p><\/p>\n<p style=\"text-align: justify;\"> Aquest web utilitza tant cookies temporals de sessi\u00f3 com cookies permanents. Les cookies de sessi\u00f3 emmagatzemen dades \u00fanicament mentre l&#8217;usuari accedeix al web i les cookies permanents s&#8217;emmagatzemen les dades en el terminal perqu\u00e8 siguin accedits i utilitzats en m\u00e9s d&#8217;una sessi\u00f3.<\/p>\n<p style=\"text-align: justify;\"> Segons la finalitat per a la qual es tractin les dades obtingudes a trav\u00e9s de les cookies, la web pot utilitzar:<\/p>\n<p style=\"text-align: justify;\"> <strong> Cookies t\u00e8cniques<\/strong><\/p>\n<p style=\"text-align: justify;\"> S\u00f3n aquelles que permeten a l&#8217;usuari la navegaci\u00f3 a trav\u00e9s de la p\u00e0gina web o aplicaci\u00f3 i la utilitzaci\u00f3 de les diferents opcions o serveis que en ella existeixen. Per exemple, controlar el tr\u00e0nsit i la comunicaci\u00f3 de dades, identificar la sessi\u00f3, accedir a les parts web d&#8217;acc\u00e9s restringit, recordar els elements que integren una comanda, realitzar la sol \u00b7 licitud d&#8217;inscripci\u00f3 o participaci\u00f3 en un esdeveniment, utilitzar elements de seguretat durant la navegaci\u00f3 i emmagatzemar continguts per a la difusi\u00f3 de v\u00eddeos o so.<\/p>\n<p style=\"text-align: justify;\"> <strong> Cookies de personalitzaci\u00f3<\/strong><\/p>\n<p style=\"text-align: justify;\"> S\u00f3n aquelles que permeten a l&#8217;usuari accedir al servei amb algunes caracter\u00edstiques de car\u00e0cter general predefinides en el seu terminal o que el propi usuari defineixi. Per exemple, l&#8217;idioma, el tipus de navegador a trav\u00e9s del qual accedeix al servei, el disseny de continguts seleccionat, geolocalitzaci\u00f3 del terminal i la configuraci\u00f3 regional des d&#8217;on s&#8217;accedeix al servei.<\/p>\n<p style=\"text-align: justify;\"> <strong> Cookies publicit\u00e0ries<\/strong><\/p>\n<p style=\"text-align: justify;\"> S\u00f3n aquelles que permeten la gesti\u00f3 efica\u00e7 dels espais publicitaris que s&#8217;han incl\u00f2s a la p\u00e0gina web o aplicaci\u00f3 des de la qual es presta el servei. Permeten adequar el contingut de la publicitat perqu\u00e8 aquesta sigui rellevant per a l&#8217;usuari i per evitar mostrar anuncis que l&#8217;usuari ja hagi vist.<\/p>\n<p style=\"text-align: justify;\"> <strong> Cookies d&#8217;an\u00e0lisi estad\u00edstica<\/strong><\/p>\n<p style=\"text-align: justify;\"> S\u00f3n aquelles que permeten fer el seguiment i an\u00e0lisi del comportament dels usuaris en els llocs web. La informaci\u00f3 recollida mitjan\u00e7ant aquest tipus de cookies s&#8217;utilitza en el mesurament de l&#8217;activitat dels llocs web, aplicaci\u00f3 o plataforma i per a l&#8217;elaboraci\u00f3 de perfils de navegaci\u00f3 dels usuaris d&#8217;aquests llocs, per tal d&#8217;introduir millores en el servei en funci\u00f3 de les dades d&#8217;\u00fas que fan els usuaris.<\/p>\n<p style=\"text-align: justify;\"> <strong> Cookies de tercers<\/strong><\/p>\n<p style=\"text-align: justify;\"> En algunes p\u00e0gines web poden anar cookies de tercers que permeten gestionar i millorar els serveis oferts. Com per exemple, serveis estad\u00edstics de Google Analytics.<\/p>\n<p style=\"text-align: justify;\"> <strong> Com puc configurar les meves Cookies?<\/strong><\/p>\n<p style=\"text-align: justify;\"> En navegar i continuar en nostre lloc web estar\u00e0 consentint l&#8217;\u00fas de les Cookies en les condicions contingudes en la present Pol\u00edtica de Cookies. Proporcionem acc\u00e9s a aquesta Pol\u00edtica de Cookies en el moment de l&#8217;acc\u00e9s amb l&#8217;objectiu que l&#8217;usuari estigui informat, i sense perjudici que aquest pugui exercir el seu dret a bloquejar, eliminar i rebutjar l&#8217;\u00fas de Cookies en tot moment.<\/p>\n<p style=\"text-align: justify;\"> En qualsevol cas l&#8217;informem que, at\u00e8s que les Cookies no s\u00f3n necess\u00e0ries per l&#8217;\u00fas del nostre lloc web, pot bloquejar o deshabilitar activant la configuraci\u00f3 del seu navegador, que li permet rebutjar la instal \u00b7 laci\u00f3 de totes les cookies o d&#8217;algunes d&#8217;elles. La pr\u00e0ctica majoria dels navegadors permeten advertir de la pres\u00e8ncia de cookies o rebutjar autom\u00e0ticament. Si les rebutja podeu utilitzar el nostre lloc web, encara que l&#8217;\u00fas d&#8217;alguns dels seus serveis podr\u00e0 ser limitat i per tant la seva experi\u00e8ncia en el nostre Lloc Web menys satisfact\u00f2ria.<\/p>\n<p style=\"text-align: justify;\"> A continuaci\u00f3 t&#8217;indiquem els links dels principals navegadors i dispositius perqu\u00e8 disposis de tota la informaci\u00f3 per consultar com gestionar les cookies al teu navegador.<\/p>\n<p style=\"text-align: justify;\"> <strong> Internet Explorer \u2122:<\/strong><br \/>\nVersi\u00f3 6: <a href=\"http:\/\/support.microsoft.com\/kb\/283185\/es\"> http:\/\/support.microsoft.com\/kb\/283185\/es <\/a><br \/>\nVersi\u00f3 7 i 8: <a href=\"http:\/\/windows.microsoft.com\/es-ES\/windows-vista\/Block-or-allow-cookies\">http:\/\/windows.microsoft.com\/es-ES\/windows-vista\/Block-or-allow-cookies<\/a><br \/>\nVersi\u00f3 9: <a href=\"http:\/\/windows.microsoft.com\/es-ES\/windows7\/How-to-manage-cookies-in-Internet-Explorer-9\">http:\/\/windows.microsoft.com\/es-ES\/windows7\/How-to-manage-cookies-in-Internet-Explorer-9<\/a><\/p>\n<p style=\"text-align: justify;\"> <strong> Safari \u2122:<\/strong><br \/>\n<a href=\"http:\/\/support.apple.com\/kb\/PH5042?viewlocale=es_ES\">http:\/\/support.apple.com\/kb\/PH5042?viewlocale=es_ES<\/a><br \/>\n<a href=\"http:\/\/support.apple.com\/kb\/HT1677?viewlocale=es_ES\">http:\/\/support.apple.com\/kb\/HT1677?viewlocale=es_ES<\/a><\/p>\n<p style=\"text-align: justify;\"> <strong> Google \u2122:<\/strong><br \/>\n<a href=\"https:\/\/support.google.com\/chrome\/answer\/95647?hl=es&#038;hlrm=en\">https:\/\/support.google.com\/chrome\/answer\/95647?hl=es&#038;hlrm=en<\/a><\/p>\n<p style=\"text-align: justify;\"> <strong> Firefox \u2122:<\/strong><br \/>\n<a href=\"http:\/\/support.mozilla.org\/es\/kb\/cookies-informacion-que-los-sitios-web-guardan-en-?redirectlocale=en-US&#038;redirectslug=Cookies\">http:\/\/support.mozilla.org\/es\/kb\/cookies-informacion-que-los-sitios-web-guardan-en-?redirectlocale=en-US&#038;redirectslug=Cookies<\/a><\/p>\n<p style=\"text-align: justify;\"> <strong> Opera \u2122:<\/strong><br \/>\n<a href=\"http:\/\/help.opera.com\/Windows\/11.50\/es-ES\/cookies.html\">http:\/\/help.opera.com\/Windows\/11.50\/es-ES\/cookies.html<\/a><\/p>\n<p style=\"text-align: justify;\"> <strong> Android<\/strong><br \/>\n<a href=\"http:\/\/support.google.com\/android\/?hl=es\"> http:\/\/support.google.com\/android\/?hl=es <\/a><\/p>\n<p style=\"text-align: justify;\"> <strong> Windows Phone<\/strong><br \/>\n<a href=\"http:\/\/www.windowsphone.com\/es-ES\/how-to\/wp7\/web\/changing-privacy-and-other-browser-settings\">http:\/\/www.windowsphone.com\/es-ES\/how-to\/wp7\/web\/changing-privacy-and-other-browser-settings<\/a><\/p>\n<p style=\"text-align: justify;\"> <strong> Blackberry<\/strong><br \/>\n<a href=\"http:\/\/docs.blackberry.com\/en\/smartphone_users\/deliverables\/18578\/Turn_off_cookies_in_the_browser_60_1072866_11.jsp\">http:\/\/docs.blackberry.com\/en\/smartphone_users\/deliverables\/18578\/Turn_off_cookies_in_the_browser_60_1072866_11.jsp<\/a><\/p>\n","protected":false},"excerpt":{"rendered":"<p>Aquest lloc web, igual que la majoria dels llocs a Internet, utilitza Cookies per millorar i optimitzar l&#8217;experi\u00e8ncia de l&#8217; usuari. Qu\u00e8 s\u00f3n les Cookies i com les utilitzen els llocs web? Les Cookies s\u00f3n fitxers que el lloc web o l&#8217;aplicaci\u00f3 que utilitzes o al teu dispositiu durant el teu recorregut per les p\u00e0gines [&hellip;]<\/p>\n","protected":false},"author":1,"featured_media":0,"parent":0,"menu_order":0,"comment_status":"closed","ping_status":"closed","template":"","meta":[],"_links":{"self":[{"href":"https:\/\/josemestre.com\/ca\/wp-json\/wp\/v2\/pages\/10130"}],"collection":[{"href":"https:\/\/josemestre.com\/ca\/wp-json\/wp\/v2\/pages"}],"about":[{"href":"https:\/\/josemestre.com\/ca\/wp-json\/wp\/v2\/types\/page"}],"author":[{"embeddable":true,"href":"https:\/\/josemestre.com\/ca\/wp-json\/wp\/v2\/users\/1"}],"replies":[{"embeddable":true,"href":"https:\/\/josemestre.com\/ca\/wp-json\/wp\/v2\/comments?post=10130"}],"version-history":[{"count":1,"href":"https:\/\/josemestre.com\/ca\/wp-json\/wp\/v2\/pages\/10130\/revisions"}],"predecessor-version":[{"id":10131,"href":"https:\/\/josemestre.com\/ca\/wp-json\/wp\/v2\/pages\/10130\/revisions\/10131"}],"wp:attachment":[{"href":"https:\/\/josemestre.com\/ca\/wp-json\/wp\/v2\/media?parent=10130"}],"curies":[{"name":"wp","href":"https:\/\/api.w.org\/{rel}","templated":true}]}}