{"id":14878,"date":"2017-01-23T16:03:16","date_gmt":"2017-01-23T15:03:16","guid":{"rendered":"https:\/\/josemestre.com\/ca\/producto\/rodilleras-joya-extra\/"},"modified":"2022-11-29T15:35:27","modified_gmt":"2022-11-29T14:35:27","slug":"rodilleras-joya-extra_cat","status":"publish","type":"product","link":"https:\/\/josemestre.com\/ca\/producto\/rodilleras-joya-extra_cat\/","title":{"rendered":"GENOLLERES &#8220;JOYA&#8221; EXTRA"},"content":{"rendered":"","protected":false},"excerpt":{"rendered":"<p>VENTA WEB NO DISPONIBLE<\/p>\n<p>Per a adquirir aquest producte, consulti a la seva farm\u00e0cia o ortop\u00e8dia m\u00e9s\u00a0propera.<\/p>\n","protected":false},"featured_media":20045,"template":"","meta":[],"product_cat":[130,40,54,56,132,44],"product_tag":[],"_links":{"self":[{"href":"https:\/\/josemestre.com\/ca\/wp-json\/wp\/v2\/product\/14878"}],"collection":[{"href":"https:\/\/josemestre.com\/ca\/wp-json\/wp\/v2\/product"}],"about":[{"href":"https:\/\/josemestre.com\/ca\/wp-json\/wp\/v2\/types\/product"}],"wp:featuredmedia":[{"embeddable":true,"href":"https:\/\/josemestre.com\/ca\/wp-json\/wp\/v2\/media\/20045"}],"wp:attachment":[{"href":"https:\/\/josemestre.com\/ca\/wp-json\/wp\/v2\/media?parent=14878"}],"wp:term":[{"taxonomy":"product_cat","embeddable":true,"href":"https:\/\/josemestre.com\/ca\/wp-json\/wp\/v2\/product_cat?post=14878"},{"taxonomy":"product_tag","embeddable":true,"href":"https:\/\/josemestre.com\/ca\/wp-json\/wp\/v2\/product_tag?post=14878"}],"curies":[{"name":"wp","href":"https:\/\/api.w.org\/{rel}","templated":true}]}}