{"id":14906,"date":"2017-01-23T16:39:23","date_gmt":"2017-01-23T15:39:23","guid":{"rendered":"https:\/\/josemestre.com\/ca\/producto\/rodilleras-verystrong\/"},"modified":"2022-11-29T18:42:35","modified_gmt":"2022-11-29T17:42:35","slug":"rodilleras-verystrong_cat","status":"publish","type":"product","link":"https:\/\/josemestre.com\/ca\/producto\/rodilleras-verystrong_cat\/","title":{"rendered":"GENOLLERES &#8220;VERYSTRONG&#8221;"},"content":{"rendered":"","protected":false},"excerpt":{"rendered":"<p>VENTA WEB NO DISPONIBLE<\/p>\n<p>Per a adquirir aquest producte, consulti a la seva farm\u00e0cia o ortop\u00e8dia m\u00e9s\u00a0propera.<\/p>\n","protected":false},"featured_media":20066,"template":"","meta":[],"product_cat":[130,40,54,56,132,45],"product_tag":[],"_links":{"self":[{"href":"https:\/\/josemestre.com\/ca\/wp-json\/wp\/v2\/product\/14906"}],"collection":[{"href":"https:\/\/josemestre.com\/ca\/wp-json\/wp\/v2\/product"}],"about":[{"href":"https:\/\/josemestre.com\/ca\/wp-json\/wp\/v2\/types\/product"}],"wp:featuredmedia":[{"embeddable":true,"href":"https:\/\/josemestre.com\/ca\/wp-json\/wp\/v2\/media\/20066"}],"wp:attachment":[{"href":"https:\/\/josemestre.com\/ca\/wp-json\/wp\/v2\/media?parent=14906"}],"wp:term":[{"taxonomy":"product_cat","embeddable":true,"href":"https:\/\/josemestre.com\/ca\/wp-json\/wp\/v2\/product_cat?post=14906"},{"taxonomy":"product_tag","embeddable":true,"href":"https:\/\/josemestre.com\/ca\/wp-json\/wp\/v2\/product_tag?post=14906"}],"curies":[{"name":"wp","href":"https:\/\/api.w.org\/{rel}","templated":true}]}}