{"id":14996,"date":"2017-01-24T12:28:40","date_gmt":"2017-01-24T11:28:40","guid":{"rendered":"https:\/\/josemestre.com\/ca\/producto\/coderas-joya\/"},"modified":"2021-12-28T12:03:31","modified_gmt":"2021-12-28T11:03:31","slug":"coderas-joya_cat","status":"publish","type":"product","link":"https:\/\/josemestre.com\/ca\/producto\/coderas-joya_cat\/","title":{"rendered":"COLZERES &#8220;JOYA&#8221;"},"content":{"rendered":"","protected":false},"excerpt":{"rendered":"<p>VENTA WEB NO DISPONIBLE<\/p>\n<p>Per a adquirir aquest producte, consulti a la seva farm\u00e0cia o ortop\u00e8dia m\u00e9s\u00a0propera.<\/p>\n","protected":false},"featured_media":20097,"template":"","meta":[],"product_cat":[130,40,54,61,132,44],"product_tag":[],"_links":{"self":[{"href":"https:\/\/josemestre.com\/ca\/wp-json\/wp\/v2\/product\/14996"}],"collection":[{"href":"https:\/\/josemestre.com\/ca\/wp-json\/wp\/v2\/product"}],"about":[{"href":"https:\/\/josemestre.com\/ca\/wp-json\/wp\/v2\/types\/product"}],"wp:featuredmedia":[{"embeddable":true,"href":"https:\/\/josemestre.com\/ca\/wp-json\/wp\/v2\/media\/20097"}],"wp:attachment":[{"href":"https:\/\/josemestre.com\/ca\/wp-json\/wp\/v2\/media?parent=14996"}],"wp:term":[{"taxonomy":"product_cat","embeddable":true,"href":"https:\/\/josemestre.com\/ca\/wp-json\/wp\/v2\/product_cat?post=14996"},{"taxonomy":"product_tag","embeddable":true,"href":"https:\/\/josemestre.com\/ca\/wp-json\/wp\/v2\/product_tag?post=14996"}],"curies":[{"name":"wp","href":"https:\/\/api.w.org\/{rel}","templated":true}]}}