{"id":15226,"date":"2017-02-08T15:46:50","date_gmt":"2017-02-08T14:46:50","guid":{"rendered":"https:\/\/josemestre.com\/ca\/producto\/fundas-de-plastico_cas\/"},"modified":"2025-07-18T10:18:34","modified_gmt":"2025-07-18T09:18:34","slug":"fundas-de-plastico_cat-2","status":"publish","type":"product","link":"https:\/\/josemestre.com\/ca\/producto\/fundas-de-plastico_cat-2\/","title":{"rendered":"FUNDES DE PL\u00c0STIC \u201cJM\u201d"},"content":{"rendered":"","protected":false},"excerpt":{"rendered":"<p>Fundes de pl\u00e0stic per a la cartilla del SOE, la targeta sanit\u00e0ria o per a receptes m\u00e8diques.<\/p>\n<p>Les dimensions amb la funda oberta son de:<\/p>\n<ul>\n<li>10,2 cm x 13, 5 cm per al tamany petit.<\/li>\n<li>17 cm x 24 xm per al tamany mitj\u00e0.<\/li>\n<li>22,5 cm x 32,5 cm (Din A4) per al tamany gran.<\/li>\n<\/ul>\n<p>Venda per unitats.<\/p>\n","protected":false},"featured_media":20312,"template":"","meta":[],"product_cat":[130,40,47,132,43],"product_tag":[],"_links":{"self":[{"href":"https:\/\/josemestre.com\/ca\/wp-json\/wp\/v2\/product\/15226"}],"collection":[{"href":"https:\/\/josemestre.com\/ca\/wp-json\/wp\/v2\/product"}],"about":[{"href":"https:\/\/josemestre.com\/ca\/wp-json\/wp\/v2\/types\/product"}],"wp:featuredmedia":[{"embeddable":true,"href":"https:\/\/josemestre.com\/ca\/wp-json\/wp\/v2\/media\/20312"}],"wp:attachment":[{"href":"https:\/\/josemestre.com\/ca\/wp-json\/wp\/v2\/media?parent=15226"}],"wp:term":[{"taxonomy":"product_cat","embeddable":true,"href":"https:\/\/josemestre.com\/ca\/wp-json\/wp\/v2\/product_cat?post=15226"},{"taxonomy":"product_tag","embeddable":true,"href":"https:\/\/josemestre.com\/ca\/wp-json\/wp\/v2\/product_tag?post=15226"}],"curies":[{"name":"wp","href":"https:\/\/api.w.org\/{rel}","templated":true}]}}