{"id":17012,"date":"2017-05-19T12:05:37","date_gmt":"2017-05-19T11:05:37","guid":{"rendered":"https:\/\/josemestre.com\/ca\/producto\/frasco-pp-translucido-5-ml-con-dosificador\/"},"modified":"2017-10-31T09:39:12","modified_gmt":"2017-10-31T08:39:12","slug":"frasco-pp-translucido-5-ml-con-dosificador_cat","status":"publish","type":"product","link":"https:\/\/josemestre.com\/ca\/producto\/frasco-pp-translucido-5-ml-con-dosificador_cat\/","title":{"rendered":"FLASC\u00d3 PP TRANSL\u00daCID 5 ml AMB DOSIFICADOR"},"content":{"rendered":"","protected":false},"excerpt":{"rendered":"<p>Venda per unitats<\/p>\n<p>Flasc\u00f3 de Polipropil\u00e8 en 5 ml, de color transl\u00facid i amb bomba dosificadora.<\/p>\n","protected":false},"featured_media":19283,"template":"","meta":[],"product_cat":[130,50,64,65,132,43],"product_tag":[],"_links":{"self":[{"href":"https:\/\/josemestre.com\/ca\/wp-json\/wp\/v2\/product\/17012"}],"collection":[{"href":"https:\/\/josemestre.com\/ca\/wp-json\/wp\/v2\/product"}],"about":[{"href":"https:\/\/josemestre.com\/ca\/wp-json\/wp\/v2\/types\/product"}],"wp:featuredmedia":[{"embeddable":true,"href":"https:\/\/josemestre.com\/ca\/wp-json\/wp\/v2\/media\/19283"}],"wp:attachment":[{"href":"https:\/\/josemestre.com\/ca\/wp-json\/wp\/v2\/media?parent=17012"}],"wp:term":[{"taxonomy":"product_cat","embeddable":true,"href":"https:\/\/josemestre.com\/ca\/wp-json\/wp\/v2\/product_cat?post=17012"},{"taxonomy":"product_tag","embeddable":true,"href":"https:\/\/josemestre.com\/ca\/wp-json\/wp\/v2\/product_tag?post=17012"}],"curies":[{"name":"wp","href":"https:\/\/api.w.org\/{rel}","templated":true}]}}