{"id":17673,"date":"2017-07-24T08:47:30","date_gmt":"2017-07-24T07:47:30","guid":{"rendered":"https:\/\/josemestre.com\/ca\/producto\/asa-de-cordon-negro-para-baston\/"},"modified":"2018-05-25T07:31:07","modified_gmt":"2018-05-25T06:31:07","slug":"asa-de-cordon-negro-para-baston_cat","status":"publish","type":"product","link":"https:\/\/josemestre.com\/ca\/producto\/asa-de-cordon-negro-para-baston_cat\/","title":{"rendered":"NANSA DE CORD\u00d3 NEGRE PER A BASTONS"},"content":{"rendered":"","protected":false},"excerpt":{"rendered":"<p>Nansa de cord\u00f3 en color negre que s&#8217;adapta a qualsevol bast\u00f3 gr\u00e0cies a la seva goma el\u00e0stica.<\/p>\n","protected":false},"featured_media":20473,"template":"","meta":[],"product_cat":[1543,130,40],"product_tag":[],"_links":{"self":[{"href":"https:\/\/josemestre.com\/ca\/wp-json\/wp\/v2\/product\/17673"}],"collection":[{"href":"https:\/\/josemestre.com\/ca\/wp-json\/wp\/v2\/product"}],"about":[{"href":"https:\/\/josemestre.com\/ca\/wp-json\/wp\/v2\/types\/product"}],"wp:featuredmedia":[{"embeddable":true,"href":"https:\/\/josemestre.com\/ca\/wp-json\/wp\/v2\/media\/20473"}],"wp:attachment":[{"href":"https:\/\/josemestre.com\/ca\/wp-json\/wp\/v2\/media?parent=17673"}],"wp:term":[{"taxonomy":"product_cat","embeddable":true,"href":"https:\/\/josemestre.com\/ca\/wp-json\/wp\/v2\/product_cat?post=17673"},{"taxonomy":"product_tag","embeddable":true,"href":"https:\/\/josemestre.com\/ca\/wp-json\/wp\/v2\/product_tag?post=17673"}],"curies":[{"name":"wp","href":"https:\/\/api.w.org\/{rel}","templated":true}]}}