{"id":17754,"date":"2017-07-25T09:15:58","date_gmt":"2017-07-25T08:15:58","guid":{"rendered":"https:\/\/josemestre.com\/ca\/producto\/elevador-para-inodoro\/"},"modified":"2022-07-05T09:13:35","modified_gmt":"2022-07-05T08:13:35","slug":"elevador-para-inodoro_cat","status":"publish","type":"product","link":"https:\/\/josemestre.com\/ca\/producto\/elevador-para-inodoro_cat\/","title":{"rendered":"AL\u00c7ADOR PER A INODOR"},"content":{"rendered":"","protected":false},"excerpt":{"rendered":"<p>Producte especialment dissenyat per a aquelles persones amb mobilitat redu\u00efda. Ajuda a adoptar la postura correcta mentre s&#8217;est\u00e0 al v\u00e0ter i d&#8217;aquesta manera fer m\u00e9s f\u00e0cil aixecar-se&#8217;n.<\/p>\n","protected":false},"featured_media":20500,"template":"","meta":[],"product_cat":[1543,130,40,42],"product_tag":[],"_links":{"self":[{"href":"https:\/\/josemestre.com\/ca\/wp-json\/wp\/v2\/product\/17754"}],"collection":[{"href":"https:\/\/josemestre.com\/ca\/wp-json\/wp\/v2\/product"}],"about":[{"href":"https:\/\/josemestre.com\/ca\/wp-json\/wp\/v2\/types\/product"}],"wp:featuredmedia":[{"embeddable":true,"href":"https:\/\/josemestre.com\/ca\/wp-json\/wp\/v2\/media\/20500"}],"wp:attachment":[{"href":"https:\/\/josemestre.com\/ca\/wp-json\/wp\/v2\/media?parent=17754"}],"wp:term":[{"taxonomy":"product_cat","embeddable":true,"href":"https:\/\/josemestre.com\/ca\/wp-json\/wp\/v2\/product_cat?post=17754"},{"taxonomy":"product_tag","embeddable":true,"href":"https:\/\/josemestre.com\/ca\/wp-json\/wp\/v2\/product_tag?post=17754"}],"curies":[{"name":"wp","href":"https:\/\/api.w.org\/{rel}","templated":true}]}}