{"id":17819,"date":"2017-07-25T16:08:03","date_gmt":"2017-07-25T15:08:03","guid":{"rendered":"https:\/\/josemestre.com\/ca\/producto\/muleta-ergonomica\/"},"modified":"2018-05-29T17:50:16","modified_gmt":"2018-05-29T16:50:16","slug":"muleta-ergonomica_cat","status":"publish","type":"product","link":"https:\/\/josemestre.com\/ca\/producto\/muleta-ergonomica_cat\/","title":{"rendered":"CROSSA ERGON\u00d2MICA"},"content":{"rendered":"","protected":false},"excerpt":{"rendered":"<p>Crossa d\u2019alumini amb una empunyadura de tacte suau i reempla\u00e7able. La crossa es pot regular en al\u00e7ada per la part inferior.<\/p>\n<p>La forma de la seva colzera permet dipositar-la en diferents superf\u00edcies evitant caigudes. Tamb\u00e9, gr\u00e0cies al ganxo del darrere de la colzera es poden unir dues crosses, fent m\u00e9s c\u00f2moda la pujada i baixada d\u2019escales.<\/p>\n<p>\u2013 Empunyadura reempla\u00e7able.<br \/>\n\u2013 Al\u00e7ada: 66 &#8211; 96 cm.<br \/>\n\u2013 Pes m\u00e0xim suportat: 130 Kg.<br \/>\n\u2013 Di\u00e0metre de la puntera: 19 mm.<\/p>\n","protected":false},"featured_media":20503,"template":"","meta":[],"product_cat":[1543,130,40],"product_tag":[],"_links":{"self":[{"href":"https:\/\/josemestre.com\/ca\/wp-json\/wp\/v2\/product\/17819"}],"collection":[{"href":"https:\/\/josemestre.com\/ca\/wp-json\/wp\/v2\/product"}],"about":[{"href":"https:\/\/josemestre.com\/ca\/wp-json\/wp\/v2\/types\/product"}],"wp:featuredmedia":[{"embeddable":true,"href":"https:\/\/josemestre.com\/ca\/wp-json\/wp\/v2\/media\/20503"}],"wp:attachment":[{"href":"https:\/\/josemestre.com\/ca\/wp-json\/wp\/v2\/media?parent=17819"}],"wp:term":[{"taxonomy":"product_cat","embeddable":true,"href":"https:\/\/josemestre.com\/ca\/wp-json\/wp\/v2\/product_cat?post=17819"},{"taxonomy":"product_tag","embeddable":true,"href":"https:\/\/josemestre.com\/ca\/wp-json\/wp\/v2\/product_tag?post=17819"}],"curies":[{"name":"wp","href":"https:\/\/api.w.org\/{rel}","templated":true}]}}