{"id":18011,"date":"2017-07-26T15:10:41","date_gmt":"2017-07-26T14:10:41","guid":{"rendered":"https:\/\/josemestre.com\/ca\/producto\/batas-clasicas\/"},"modified":"2024-07-10T17:29:56","modified_gmt":"2024-07-10T16:29:56","slug":"batas-clasicas_cat","status":"publish","type":"product","link":"https:\/\/josemestre.com\/ca\/producto\/batas-clasicas_cat\/","title":{"rendered":"BATES CL\u00c0SSIQUES"},"content":{"rendered":"","protected":false},"excerpt":{"rendered":"<p>DISPONIBLES M\u00c9S TALLES PER ENC\u00c0RREC.<\/p>\n<p>Produ\u00efda en poliester i cot\u00f3.<\/p>\n<p><em>En cas de dubte entre dues mides, aconsellem escollir sempre la que tingui mesures superiors.<\/em><\/p>\n<p>&nbsp;<\/p>\n","protected":false},"featured_media":28799,"template":"","meta":[],"product_cat":[130,40,115],"product_tag":[],"_links":{"self":[{"href":"https:\/\/josemestre.com\/ca\/wp-json\/wp\/v2\/product\/18011"}],"collection":[{"href":"https:\/\/josemestre.com\/ca\/wp-json\/wp\/v2\/product"}],"about":[{"href":"https:\/\/josemestre.com\/ca\/wp-json\/wp\/v2\/types\/product"}],"wp:featuredmedia":[{"embeddable":true,"href":"https:\/\/josemestre.com\/ca\/wp-json\/wp\/v2\/media\/28799"}],"wp:attachment":[{"href":"https:\/\/josemestre.com\/ca\/wp-json\/wp\/v2\/media?parent=18011"}],"wp:term":[{"taxonomy":"product_cat","embeddable":true,"href":"https:\/\/josemestre.com\/ca\/wp-json\/wp\/v2\/product_cat?post=18011"},{"taxonomy":"product_tag","embeddable":true,"href":"https:\/\/josemestre.com\/ca\/wp-json\/wp\/v2\/product_tag?post=18011"}],"curies":[{"name":"wp","href":"https:\/\/api.w.org\/{rel}","templated":true}]}}