{"id":20465,"date":"2017-11-08T10:00:54","date_gmt":"2017-11-08T09:00:54","guid":{"rendered":"https:\/\/josemestre.com\/producto\/bide-portatil-para-elevadores-de-inodoro\/"},"modified":"2018-07-20T11:05:18","modified_gmt":"2018-07-20T10:05:18","slug":"bide-portatil-para-elevadores-de-inodoro_cat","status":"publish","type":"product","link":"https:\/\/josemestre.com\/ca\/producto\/bide-portatil-para-elevadores-de-inodoro_cat\/","title":{"rendered":"BIDET PORT\u00c0TIL PER A AL\u00c7ADORS D&#8217;INODOR"},"content":{"rendered":"","protected":false},"excerpt":{"rendered":"<p>Aquest bidet per a al\u00e7adors d&#8217;inodor, permet una major comoditat per a la higiene personal. \u00a0S&#8217;adapta perfectament als nostres al\u00e7adors d&#8217;inodor (<strong>SKU <a href=\"https:\/\/josemestre.com\/ca\/producte\/elevador-para-inodoro_cat\/\">A0137<\/a><\/strong>) col\u00b7locant-se a l&#8217;interior dels mateixos.<\/p>\n<p>\u2013 Fabricat en pl\u00e0stic.<br \/>\n\u2013 Ample: 21,5 cm.<br \/>\n\u2013 Llarg: 35,5 cm.<br \/>\n\u2013 Al\u00e7ada: 8 cm.<br \/>\n\u2013 Dissenyat per a adaptar-se als elevadors per a inodor.<\/p>\n","protected":false},"featured_media":20463,"template":"","meta":[],"product_cat":[1543,130,40,42],"product_tag":[],"_links":{"self":[{"href":"https:\/\/josemestre.com\/ca\/wp-json\/wp\/v2\/product\/20465"}],"collection":[{"href":"https:\/\/josemestre.com\/ca\/wp-json\/wp\/v2\/product"}],"about":[{"href":"https:\/\/josemestre.com\/ca\/wp-json\/wp\/v2\/types\/product"}],"wp:featuredmedia":[{"embeddable":true,"href":"https:\/\/josemestre.com\/ca\/wp-json\/wp\/v2\/media\/20463"}],"wp:attachment":[{"href":"https:\/\/josemestre.com\/ca\/wp-json\/wp\/v2\/media?parent=20465"}],"wp:term":[{"taxonomy":"product_cat","embeddable":true,"href":"https:\/\/josemestre.com\/ca\/wp-json\/wp\/v2\/product_cat?post=20465"},{"taxonomy":"product_tag","embeddable":true,"href":"https:\/\/josemestre.com\/ca\/wp-json\/wp\/v2\/product_tag?post=20465"}],"curies":[{"name":"wp","href":"https:\/\/api.w.org\/{rel}","templated":true}]}}