{"id":20597,"date":"2017-11-08T12:57:57","date_gmt":"2017-11-08T11:57:57","guid":{"rendered":"https:\/\/josemestre.com\/producto\/cojin-lumbar-viscoelastico\/"},"modified":"2018-06-18T15:33:27","modified_gmt":"2018-06-18T14:33:27","slug":"cojin-lumbar-viscoelastico_cat","status":"publish","type":"product","link":"https:\/\/josemestre.com\/ca\/producto\/cojin-lumbar-viscoelastico_cat\/","title":{"rendered":"COIX\u00cd LUMBAR VISCOEL\u00c0STIC"},"content":{"rendered":"","protected":false},"excerpt":{"rendered":"<p>C\u00f2mode i agradable al tacte, aquest coix\u00ed d&#8217;espuma viscoel\u00e0stica, s&#8217;adapta a la forma de la zona lumbar proporcionant una sensaci\u00f3 de benestar i ajuda a mantenir la curvatura natural de la columna vertebral.<\/p>\n<p>Prev\u00e9 els dolors d&#8217;esquena al propiciar una postura correcta i es molt apropiat per a aquelles persones que romanen un llarg per\u00edode de temps asseguts al cotxe, l&#8217;oficina o a casa.<\/p>\n<p>\u2013 Ample: 37 cm.<br \/>\n\u2013 Al\u00e7ada: 34 cm.<br \/>\n\u2013 Llarg: De 6,5 cm a 11 cm.<br \/>\n\u2013 Material: Espuma viscoel\u00e0stica.<br \/>\n\u2013 La funda es pot rentar.<\/p>\n","protected":false},"featured_media":20593,"template":"","meta":[],"product_cat":[1543,130,40,49],"product_tag":[],"_links":{"self":[{"href":"https:\/\/josemestre.com\/ca\/wp-json\/wp\/v2\/product\/20597"}],"collection":[{"href":"https:\/\/josemestre.com\/ca\/wp-json\/wp\/v2\/product"}],"about":[{"href":"https:\/\/josemestre.com\/ca\/wp-json\/wp\/v2\/types\/product"}],"wp:featuredmedia":[{"embeddable":true,"href":"https:\/\/josemestre.com\/ca\/wp-json\/wp\/v2\/media\/20593"}],"wp:attachment":[{"href":"https:\/\/josemestre.com\/ca\/wp-json\/wp\/v2\/media?parent=20597"}],"wp:term":[{"taxonomy":"product_cat","embeddable":true,"href":"https:\/\/josemestre.com\/ca\/wp-json\/wp\/v2\/product_cat?post=20597"},{"taxonomy":"product_tag","embeddable":true,"href":"https:\/\/josemestre.com\/ca\/wp-json\/wp\/v2\/product_tag?post=20597"}],"curies":[{"name":"wp","href":"https:\/\/api.w.org\/{rel}","templated":true}]}}