{"id":20791,"date":"2017-11-22T16:18:20","date_gmt":"2017-11-22T15:18:20","guid":{"rendered":"https:\/\/josemestre.com\/producto\/balsamo-labial-dermo-suavina-10-ml\/"},"modified":"2019-10-14T08:38:35","modified_gmt":"2019-10-14T07:38:35","slug":"balsamo-labial-dermo-suavina-10-ml_cat","status":"publish","type":"product","link":"https:\/\/josemestre.com\/ca\/producto\/balsamo-labial-dermo-suavina-10-ml_cat\/","title":{"rendered":"B\u00c0LSAM LABIAL DERMO-SUAVINA 10 ml"},"content":{"rendered":"","protected":false},"excerpt":{"rendered":"<p>B\u00e0lsam labial artesanal produ\u00eft pels Laboratoris Calduch des del 1880.<\/p>\n<p>La formula de la Dermo-Suavina, \u00e9s una combinaci\u00f3 d&#8217;olis essencials i mentol en un vehicle gras, que s&#8217;ha mantingut inalterable fins als nostres dies.<\/p>\n<p>De textura sedosa, regenera, hidrata, protegeix, suavitza, dona brillantor i sensaci\u00f3 de frescor.<\/p>\n<p>Es pot fer servir tant per als llavis com per al nas.<\/p>\n","protected":false},"featured_media":20789,"template":"","meta":[],"product_cat":[1657,130],"product_tag":[],"_links":{"self":[{"href":"https:\/\/josemestre.com\/ca\/wp-json\/wp\/v2\/product\/20791"}],"collection":[{"href":"https:\/\/josemestre.com\/ca\/wp-json\/wp\/v2\/product"}],"about":[{"href":"https:\/\/josemestre.com\/ca\/wp-json\/wp\/v2\/types\/product"}],"wp:featuredmedia":[{"embeddable":true,"href":"https:\/\/josemestre.com\/ca\/wp-json\/wp\/v2\/media\/20789"}],"wp:attachment":[{"href":"https:\/\/josemestre.com\/ca\/wp-json\/wp\/v2\/media?parent=20791"}],"wp:term":[{"taxonomy":"product_cat","embeddable":true,"href":"https:\/\/josemestre.com\/ca\/wp-json\/wp\/v2\/product_cat?post=20791"},{"taxonomy":"product_tag","embeddable":true,"href":"https:\/\/josemestre.com\/ca\/wp-json\/wp\/v2\/product_tag?post=20791"}],"curies":[{"name":"wp","href":"https:\/\/api.w.org\/{rel}","templated":true}]}}