{"id":21247,"date":"2018-01-18T18:49:04","date_gmt":"2018-01-18T17:49:54","guid":{"rendered":"https:\/\/josemestre.com\/?post_type=product&#038;p=21247"},"modified":"2019-07-12T11:41:13","modified_gmt":"2019-07-12T10:41:13","slug":"disco-giratorio-360o-para-transferencia_cat","status":"publish","type":"product","link":"https:\/\/josemestre.com\/ca\/producto\/disco-giratorio-360o-para-transferencia_cat\/","title":{"rendered":"DISC GIRATORI 360\u00ba PER A TRANSFER\u00c8NCIES"},"content":{"rendered":"","protected":false},"excerpt":{"rendered":"<p>El disc giratori, ajuda a les persones a entrar i sortir del cotxe, de la cadira o del llit.<\/p>\n<p>Tamb\u00e9 est\u00e0 recomanat per a us professional.<\/p>\n<p>Molt \u00fatil per a persones amb defici\u00e8ncies de mobilitat o problemes als malucs. Gira f\u00e0cilment 360\u00ba per a reduir l&#8217;estr\u00e8s als genolls i turmells durant les transfer\u00e8ncies.<\/p>\n<p>\u2013 Base de fusta.<br \/>\n\u2013 Pes m\u00e0xim suportat: 135 Kg.<br \/>\n\u2013 Di\u00e0metre: 35 cm.<\/p>\n","protected":false},"featured_media":21244,"template":"","meta":[],"product_cat":[1543,130],"product_tag":[],"_links":{"self":[{"href":"https:\/\/josemestre.com\/ca\/wp-json\/wp\/v2\/product\/21247"}],"collection":[{"href":"https:\/\/josemestre.com\/ca\/wp-json\/wp\/v2\/product"}],"about":[{"href":"https:\/\/josemestre.com\/ca\/wp-json\/wp\/v2\/types\/product"}],"wp:featuredmedia":[{"embeddable":true,"href":"https:\/\/josemestre.com\/ca\/wp-json\/wp\/v2\/media\/21244"}],"wp:attachment":[{"href":"https:\/\/josemestre.com\/ca\/wp-json\/wp\/v2\/media?parent=21247"}],"wp:term":[{"taxonomy":"product_cat","embeddable":true,"href":"https:\/\/josemestre.com\/ca\/wp-json\/wp\/v2\/product_cat?post=21247"},{"taxonomy":"product_tag","embeddable":true,"href":"https:\/\/josemestre.com\/ca\/wp-json\/wp\/v2\/product_tag?post=21247"}],"curies":[{"name":"wp","href":"https:\/\/api.w.org\/{rel}","templated":true}]}}