{"id":21274,"date":"2018-01-22T12:41:23","date_gmt":"2018-01-22T11:39:49","guid":{"rendered":"https:\/\/josemestre.com\/?post_type=product&#038;p=21274"},"modified":"2024-10-16T10:00:18","modified_gmt":"2024-10-16T09:00:18","slug":"calzador-de-medias-y-calcetines_cat","status":"publish","type":"product","link":"https:\/\/josemestre.com\/ca\/producto\/calzador-de-medias-y-calcetines_cat\/","title":{"rendered":"CAL\u00c7ADOR DE MITGES I MITJONS"},"content":{"rendered":"","protected":false},"excerpt":{"rendered":"<p>El cal\u00e7ador de mitges i mitjons, es un utensili que facilita a les persones amb dificultats de moviment,\u00a0posar-se els mitjons o mitges c\u00f2modament i amb el m\u00ednim esfor\u00e7.<\/p>\n<p>\u2013 Pes: 88 g.<br \/>\n\u2013 Longitud: 230 mm.<br \/>\n\u2013 Material: PP recobert amb tela.<\/p>\n","protected":false},"featured_media":28965,"template":"","meta":[],"product_cat":[1543,130],"product_tag":[],"_links":{"self":[{"href":"https:\/\/josemestre.com\/ca\/wp-json\/wp\/v2\/product\/21274"}],"collection":[{"href":"https:\/\/josemestre.com\/ca\/wp-json\/wp\/v2\/product"}],"about":[{"href":"https:\/\/josemestre.com\/ca\/wp-json\/wp\/v2\/types\/product"}],"wp:featuredmedia":[{"embeddable":true,"href":"https:\/\/josemestre.com\/ca\/wp-json\/wp\/v2\/media\/28965"}],"wp:attachment":[{"href":"https:\/\/josemestre.com\/ca\/wp-json\/wp\/v2\/media?parent=21274"}],"wp:term":[{"taxonomy":"product_cat","embeddable":true,"href":"https:\/\/josemestre.com\/ca\/wp-json\/wp\/v2\/product_cat?post=21274"},{"taxonomy":"product_tag","embeddable":true,"href":"https:\/\/josemestre.com\/ca\/wp-json\/wp\/v2\/product_tag?post=21274"}],"curies":[{"name":"wp","href":"https:\/\/api.w.org\/{rel}","templated":true}]}}