{"id":21700,"date":"2018-01-23T12:48:05","date_gmt":"2018-01-23T11:47:18","guid":{"rendered":"https:\/\/josemestre.com\/?post_type=product&#038;p=21700"},"modified":"2023-02-27T18:25:13","modified_gmt":"2023-02-27T17:25:13","slug":"frasco-cilindrico-con-tapon-plano_cat","status":"publish","type":"product","link":"https:\/\/josemestre.com\/ca\/producto\/frasco-cilindrico-con-tapon-plano_cat\/","title":{"rendered":"FLASC\u00d3 CIL\u00cdNDRIC AMB TAP PL\u00c0"},"content":{"rendered":"","protected":false},"excerpt":{"rendered":"<h5><em>Els preus inclouen l&#8217;import de l&#8217;Impost Especial sobre envasos de pl\u00e0stic no reutilitzables (llei 7\/2022).<\/em><\/h5>\n","protected":false},"featured_media":21801,"template":"","meta":[],"product_cat":[130,50,64,65],"product_tag":[],"_links":{"self":[{"href":"https:\/\/josemestre.com\/ca\/wp-json\/wp\/v2\/product\/21700"}],"collection":[{"href":"https:\/\/josemestre.com\/ca\/wp-json\/wp\/v2\/product"}],"about":[{"href":"https:\/\/josemestre.com\/ca\/wp-json\/wp\/v2\/types\/product"}],"wp:featuredmedia":[{"embeddable":true,"href":"https:\/\/josemestre.com\/ca\/wp-json\/wp\/v2\/media\/21801"}],"wp:attachment":[{"href":"https:\/\/josemestre.com\/ca\/wp-json\/wp\/v2\/media?parent=21700"}],"wp:term":[{"taxonomy":"product_cat","embeddable":true,"href":"https:\/\/josemestre.com\/ca\/wp-json\/wp\/v2\/product_cat?post=21700"},{"taxonomy":"product_tag","embeddable":true,"href":"https:\/\/josemestre.com\/ca\/wp-json\/wp\/v2\/product_tag?post=21700"}],"curies":[{"name":"wp","href":"https:\/\/api.w.org\/{rel}","templated":true}]}}