{"id":21769,"date":"2018-01-23T13:23:58","date_gmt":"2018-01-23T12:23:58","guid":{"rendered":"https:\/\/josemestre.com\/producto\/frasco-cilindrico-blanco-30-ml-tapon-conico\/"},"modified":"2024-02-26T16:13:41","modified_gmt":"2024-02-26T15:13:41","slug":"frasco-cilindrico-blanco-30-ml-tapon-conico_cat","status":"publish","type":"product","link":"https:\/\/josemestre.com\/ca\/producto\/frasco-cilindrico-blanco-30-ml-tapon-conico_cat\/","title":{"rendered":"FLASC\u00d3 CIL\u00cdNDRIC BLANC 30 ml TAP C\u00d2NIC"},"content":{"rendered":"","protected":false},"excerpt":{"rendered":"<h5><em>El preu inclou l&#8217;import de l&#8217;Impost Especial sobre envasos de pl\u00e0stic no reutilitzables (llei 7\/2022).<\/em><\/h5>\n<p>FLASC\u00d3 CIL\u00cdNDRIC BLANC 30 ml TAP C\u00d2NIC BLANC &#8211; Pack 25 unitats.<\/p>\n","protected":false},"featured_media":21767,"template":"","meta":[],"product_cat":[130,50,64,65],"product_tag":[],"_links":{"self":[{"href":"https:\/\/josemestre.com\/ca\/wp-json\/wp\/v2\/product\/21769"}],"collection":[{"href":"https:\/\/josemestre.com\/ca\/wp-json\/wp\/v2\/product"}],"about":[{"href":"https:\/\/josemestre.com\/ca\/wp-json\/wp\/v2\/types\/product"}],"wp:featuredmedia":[{"embeddable":true,"href":"https:\/\/josemestre.com\/ca\/wp-json\/wp\/v2\/media\/21767"}],"wp:attachment":[{"href":"https:\/\/josemestre.com\/ca\/wp-json\/wp\/v2\/media?parent=21769"}],"wp:term":[{"taxonomy":"product_cat","embeddable":true,"href":"https:\/\/josemestre.com\/ca\/wp-json\/wp\/v2\/product_cat?post=21769"},{"taxonomy":"product_tag","embeddable":true,"href":"https:\/\/josemestre.com\/ca\/wp-json\/wp\/v2\/product_tag?post=21769"}],"curies":[{"name":"wp","href":"https:\/\/api.w.org\/{rel}","templated":true}]}}