{"id":22972,"date":"2018-05-30T12:49:51","date_gmt":"2018-05-30T11:58:07","guid":{"rendered":"https:\/\/josemestre.com\/?post_type=product&#038;p=22972"},"modified":"2019-10-24T15:02:03","modified_gmt":"2019-10-24T14:02:03","slug":"cojines-antiescaras_cat","status":"publish","type":"product","link":"https:\/\/josemestre.com\/ca\/producto\/cojines-antiescaras_cat\/","title":{"rendered":"COIXINS ANTIESCARES"},"content":{"rendered":"","protected":false},"excerpt":{"rendered":"<p>Coixins antiescares de diferents formes.<\/p>\n<p>Serveixen per a prevenir i tractar \u00falceres de dec\u00fabit, hemorroides&#8230; ajudant a alleugerir el dolor de les zones sacra, isqui\u00e0tica, gl\u00fatia i perineal.<\/p>\n<p>Recomanat per a aquelles persones que romanen en la mateixa posici\u00f3 durant llargs per\u00edodes de temps.<\/p>\n<p>Venda per unitats.<\/p>\n","protected":false},"featured_media":22970,"template":"","meta":[],"product_cat":[1543,130,40,49],"product_tag":[],"_links":{"self":[{"href":"https:\/\/josemestre.com\/ca\/wp-json\/wp\/v2\/product\/22972"}],"collection":[{"href":"https:\/\/josemestre.com\/ca\/wp-json\/wp\/v2\/product"}],"about":[{"href":"https:\/\/josemestre.com\/ca\/wp-json\/wp\/v2\/types\/product"}],"wp:featuredmedia":[{"embeddable":true,"href":"https:\/\/josemestre.com\/ca\/wp-json\/wp\/v2\/media\/22970"}],"wp:attachment":[{"href":"https:\/\/josemestre.com\/ca\/wp-json\/wp\/v2\/media?parent=22972"}],"wp:term":[{"taxonomy":"product_cat","embeddable":true,"href":"https:\/\/josemestre.com\/ca\/wp-json\/wp\/v2\/product_cat?post=22972"},{"taxonomy":"product_tag","embeddable":true,"href":"https:\/\/josemestre.com\/ca\/wp-json\/wp\/v2\/product_tag?post=22972"}],"curies":[{"name":"wp","href":"https:\/\/api.w.org\/{rel}","templated":true}]}}