{"id":23024,"date":"2018-06-06T18:19:29","date_gmt":"2018-06-06T17:19:29","guid":{"rendered":"https:\/\/josemestre.com\/producto\/reposabrazos-de-aluminio-para-inodoro\/"},"modified":"2018-08-01T08:30:11","modified_gmt":"2018-08-01T07:30:11","slug":"reposabrazos-de-aluminio-para-inodoro_cat","status":"publish","type":"product","link":"https:\/\/josemestre.com\/ca\/producto\/reposabrazos-de-aluminio-para-inodoro_cat\/","title":{"rendered":"REPOSABRA\u00c7OS D&#8217;ALUMINI PER A INODOR"},"content":{"rendered":"","protected":false},"excerpt":{"rendered":"<p>El reposabra\u00e7os d&#8217;alumini, proporciona un bon suport per les dues bandes per a incorporar-se i asseure&#8217;s, a m\u00e9s es pot regular la seva al\u00e7ada per a major comoditat. Al ser d&#8217;alumini, es molt lleuger i no s&#8217;oxida a pesar de l&#8217;ambient humit que hi pugui haver en un lavabo. Es subministra\u00a0desmuntat.<\/p>\n<p>\u2013 Al\u00e7ada regulable: 64 &#8211; 76 cm.<br \/>\n\u2013 Ample total: 58 cm.<\/p>\n","protected":false},"featured_media":23022,"template":"","meta":[],"product_cat":[1543,130],"product_tag":[],"_links":{"self":[{"href":"https:\/\/josemestre.com\/ca\/wp-json\/wp\/v2\/product\/23024"}],"collection":[{"href":"https:\/\/josemestre.com\/ca\/wp-json\/wp\/v2\/product"}],"about":[{"href":"https:\/\/josemestre.com\/ca\/wp-json\/wp\/v2\/types\/product"}],"wp:featuredmedia":[{"embeddable":true,"href":"https:\/\/josemestre.com\/ca\/wp-json\/wp\/v2\/media\/23022"}],"wp:attachment":[{"href":"https:\/\/josemestre.com\/ca\/wp-json\/wp\/v2\/media?parent=23024"}],"wp:term":[{"taxonomy":"product_cat","embeddable":true,"href":"https:\/\/josemestre.com\/ca\/wp-json\/wp\/v2\/product_cat?post=23024"},{"taxonomy":"product_tag","embeddable":true,"href":"https:\/\/josemestre.com\/ca\/wp-json\/wp\/v2\/product_tag?post=23024"}],"curies":[{"name":"wp","href":"https:\/\/api.w.org\/{rel}","templated":true}]}}