{"id":23175,"date":"2018-07-27T07:48:25","date_gmt":"2018-07-27T06:48:25","guid":{"rendered":"https:\/\/josemestre.com\/producto\/cepillo-con-mango-extraible\/"},"modified":"2018-08-01T08:55:54","modified_gmt":"2018-08-01T07:55:54","slug":"cepillo-con-mango-extraible_cat","status":"publish","type":"product","link":"https:\/\/josemestre.com\/ca\/producto\/cepillo-con-mango-extraible_cat\/","title":{"rendered":"RASPALL AMB EL M\u00c0NEC EXTRA\u00cfBLE"},"content":{"rendered":"","protected":false},"excerpt":{"rendered":"<p>Aquest raspall amb el m\u00e0nec extra\u00efble, es ideal per a arribar a llocs complicats com poden ser l&#8217;esquena o les cames i facilita a les persones, poder rentar-se sense realitzar grans esfor\u00e7os durant la higiene di\u00e0ria.<\/p>\n<p>El seu m\u00e0nec extra\u00efble, permet que tamb\u00e9 es pugui fer servir com un raspall corrent i a m\u00e9s, la fricci\u00f3 de les pues produeix un efecte de massatge, activa la circulaci\u00f3 i tonifica els teixits.<\/p>\n<p>Aquest tipus d&#8217;articles auxiliars, estan especialment indicats per a que els usuaris que presenten algun tipus de problema muscular, puguin banyar-se sense dependre de cap persona.<\/p>\n<p>&#8211; Material m\u00e0nec: pl\u00e0stic.<br \/>\n&#8211; Pues naturals.<br \/>\n&#8211; Llarg muntat: 39 cm.<br \/>\n&#8211; Pes:\u00a00.8 kg.<\/p>\n<p>&nbsp;<\/p>\n","protected":false},"featured_media":23170,"template":"","meta":[],"product_cat":[1543,130],"product_tag":[],"_links":{"self":[{"href":"https:\/\/josemestre.com\/ca\/wp-json\/wp\/v2\/product\/23175"}],"collection":[{"href":"https:\/\/josemestre.com\/ca\/wp-json\/wp\/v2\/product"}],"about":[{"href":"https:\/\/josemestre.com\/ca\/wp-json\/wp\/v2\/types\/product"}],"wp:featuredmedia":[{"embeddable":true,"href":"https:\/\/josemestre.com\/ca\/wp-json\/wp\/v2\/media\/23170"}],"wp:attachment":[{"href":"https:\/\/josemestre.com\/ca\/wp-json\/wp\/v2\/media?parent=23175"}],"wp:term":[{"taxonomy":"product_cat","embeddable":true,"href":"https:\/\/josemestre.com\/ca\/wp-json\/wp\/v2\/product_cat?post=23175"},{"taxonomy":"product_tag","embeddable":true,"href":"https:\/\/josemestre.com\/ca\/wp-json\/wp\/v2\/product_tag?post=23175"}],"curies":[{"name":"wp","href":"https:\/\/api.w.org\/{rel}","templated":true}]}}