{"id":23192,"date":"2018-07-27T11:46:26","date_gmt":"2018-07-27T10:46:26","guid":{"rendered":"https:\/\/josemestre.com\/producto\/espatulas-de-60-mm\/"},"modified":"2019-10-24T15:13:40","modified_gmt":"2019-10-24T14:13:40","slug":"espatulas-de-60-mm_cat","status":"publish","type":"product","link":"https:\/\/josemestre.com\/ca\/producto\/espatulas-de-60-mm_cat\/","title":{"rendered":"ESP\u00c0TULES DE 60 mm"},"content":{"rendered":"","protected":false},"excerpt":{"rendered":"<p>Venda en packs de 50 unitat.<\/p>\n<p>Esp\u00e0tula de pl\u00e0stic de 60 mm pensada per a aplicar cremes cosm\u00e8tiques.<\/p>\n<p>Et pot introdu\u00efr a l&#8217;interior d&#8217;alguns models de pot (entre la tapa i l&#8217;obturador) com a complement.<\/p>\n","protected":false},"featured_media":23188,"template":"","meta":[],"product_cat":[130,50,51],"product_tag":[],"_links":{"self":[{"href":"https:\/\/josemestre.com\/ca\/wp-json\/wp\/v2\/product\/23192"}],"collection":[{"href":"https:\/\/josemestre.com\/ca\/wp-json\/wp\/v2\/product"}],"about":[{"href":"https:\/\/josemestre.com\/ca\/wp-json\/wp\/v2\/types\/product"}],"wp:featuredmedia":[{"embeddable":true,"href":"https:\/\/josemestre.com\/ca\/wp-json\/wp\/v2\/media\/23188"}],"wp:attachment":[{"href":"https:\/\/josemestre.com\/ca\/wp-json\/wp\/v2\/media?parent=23192"}],"wp:term":[{"taxonomy":"product_cat","embeddable":true,"href":"https:\/\/josemestre.com\/ca\/wp-json\/wp\/v2\/product_cat?post=23192"},{"taxonomy":"product_tag","embeddable":true,"href":"https:\/\/josemestre.com\/ca\/wp-json\/wp\/v2\/product_tag?post=23192"}],"curies":[{"name":"wp","href":"https:\/\/api.w.org\/{rel}","templated":true}]}}