{"id":23330,"date":"2018-07-31T14:33:03","date_gmt":"2018-07-31T11:18:49","guid":{"rendered":"https:\/\/josemestre.com\/?post_type=product&#038;p=23330"},"modified":"2018-08-01T08:37:26","modified_gmt":"2018-08-01T07:37:26","slug":"tensiometro-de-brazo-beurer-bm-35_cat","status":"publish","type":"product","link":"https:\/\/josemestre.com\/ca\/producto\/tensiometro-de-brazo-beurer-bm-35_cat\/","title":{"rendered":"TENSI\u00d2METRE DE BRA\u00c7 &#8220;BEURER BM-35&#8221;"},"content":{"rendered":"","protected":false},"excerpt":{"rendered":"<p>Venda per unitats.<\/p>\n<p>El tensi\u00f2metre de bra\u00e7 &#8220;Beurer BM-35&#8221; permet mesurar la pressi\u00f3 arterial de manera f\u00e0cil i autom\u00e0tica. Amb un disseny molt atractiu i uns d\u00edgits de f\u00e0cil lectura, mostra dades com el pols o la pressi\u00f3 sist\u00f2lica i classifica els valors determinats segons les directrius de la OMS. A m\u00e9s, tamb\u00e9 pot identificar qualsevol anormalitat en el ritme card\u00edac i permet registrar els valors mesurats.<\/p>\n<ul class=\"a-unordered-list a-vertical a-spacing-none\">\n<li><span class=\"a-list-item\">Classifica els valors del mesurament en funci\u00f3 de les taules de l&#8217;Organizaci\u00f3 Mundial de la Salut.<\/span><\/li>\n<li><span class=\"a-list-item\">Detecci\u00f3 d&#8217;arritmies.<\/span><\/li>\n<li><span class=\"a-list-item\">Calcula els valors registrats i la mitja de 7 dies pel mati i per la nit.<\/span><\/li>\n<li><span class=\"a-list-item\">Gran pantalla LCD de f\u00e0cil lectura.<\/span><\/li>\n<li><span class=\"a-list-item\">Mem\u00f2ria per a 2 persones.<\/span><\/li>\n<li>Dimensions:\u00a09,5 x 17 x 13 cm.<\/li>\n<li>Pes: 440 gr.<\/li>\n<li>Es necessiten 4 piles\u00a0AAA (incloses).<\/li>\n<li>Funda inclosa.<\/li>\n<\/ul>\n","protected":false},"featured_media":23328,"template":"","meta":[],"product_cat":[1543,130],"product_tag":[],"_links":{"self":[{"href":"https:\/\/josemestre.com\/ca\/wp-json\/wp\/v2\/product\/23330"}],"collection":[{"href":"https:\/\/josemestre.com\/ca\/wp-json\/wp\/v2\/product"}],"about":[{"href":"https:\/\/josemestre.com\/ca\/wp-json\/wp\/v2\/types\/product"}],"wp:featuredmedia":[{"embeddable":true,"href":"https:\/\/josemestre.com\/ca\/wp-json\/wp\/v2\/media\/23328"}],"wp:attachment":[{"href":"https:\/\/josemestre.com\/ca\/wp-json\/wp\/v2\/media?parent=23330"}],"wp:term":[{"taxonomy":"product_cat","embeddable":true,"href":"https:\/\/josemestre.com\/ca\/wp-json\/wp\/v2\/product_cat?post=23330"},{"taxonomy":"product_tag","embeddable":true,"href":"https:\/\/josemestre.com\/ca\/wp-json\/wp\/v2\/product_tag?post=23330"}],"curies":[{"name":"wp","href":"https:\/\/api.w.org\/{rel}","templated":true}]}}