{"id":24180,"date":"2019-07-12T13:10:31","date_gmt":"2019-07-12T12:10:31","guid":{"rendered":"https:\/\/josemestre.com\/producto\/almohadilla-cervical-mariposa\/"},"modified":"2021-09-23T12:27:42","modified_gmt":"2021-09-23T11:27:42","slug":"almohadilla-cervical-mariposa_cat","status":"publish","type":"product","link":"https:\/\/josemestre.com\/ca\/producto\/almohadilla-cervical-mariposa_cat\/","title":{"rendered":"COIX\u00cd CERVICAL &#8220;PAPALLONA&#8221;"},"content":{"rendered":"","protected":false},"excerpt":{"rendered":"<p>El coix\u00ed cervical &#8220;papallona&#8221; permet una perfecta subjecci\u00f3 de les cervicals gr\u00e0cies al seu disseny c\u00f2ncau. El seu \u00fas est\u00e0 recomanat per a dolors \u00e0lgics d&#8217;esquena, columna o cervicals.<\/p>\n<p>&#8211; Teixit: Microfibra<br \/>\n&#8211; Farcit: 100% Fibra de poli\u00e8ster buida sil\u00b7liconada conjugada<br \/>\n&#8211; Mesures: 51 x 31 x 10 cm<\/p>\n<p><strong>PRODUCTE PER ENC\u00c0RREC. TERMINI D&#8217;ENTREGA APROXIMAT DE 7-10 DIES.<\/strong><\/p>\n","protected":false},"featured_media":24178,"template":"","meta":[],"product_cat":[1543,130,40,49],"product_tag":[],"_links":{"self":[{"href":"https:\/\/josemestre.com\/ca\/wp-json\/wp\/v2\/product\/24180"}],"collection":[{"href":"https:\/\/josemestre.com\/ca\/wp-json\/wp\/v2\/product"}],"about":[{"href":"https:\/\/josemestre.com\/ca\/wp-json\/wp\/v2\/types\/product"}],"wp:featuredmedia":[{"embeddable":true,"href":"https:\/\/josemestre.com\/ca\/wp-json\/wp\/v2\/media\/24178"}],"wp:attachment":[{"href":"https:\/\/josemestre.com\/ca\/wp-json\/wp\/v2\/media?parent=24180"}],"wp:term":[{"taxonomy":"product_cat","embeddable":true,"href":"https:\/\/josemestre.com\/ca\/wp-json\/wp\/v2\/product_cat?post=24180"},{"taxonomy":"product_tag","embeddable":true,"href":"https:\/\/josemestre.com\/ca\/wp-json\/wp\/v2\/product_tag?post=24180"}],"curies":[{"name":"wp","href":"https:\/\/api.w.org\/{rel}","templated":true}]}}