{"id":24197,"date":"2019-07-16T10:49:05","date_gmt":"2019-07-16T09:49:05","guid":{"rendered":"https:\/\/josemestre.com\/producto\/almohadilla-cilindrica-multifuncional\/"},"modified":"2019-07-26T12:09:06","modified_gmt":"2019-07-26T11:09:06","slug":"almohadilla-cilindrica-multifuncional_cat","status":"publish","type":"product","link":"https:\/\/josemestre.com\/ca\/producto\/almohadilla-cilindrica-multifuncional_cat\/","title":{"rendered":"COIX\u00cd CIL\u00cdNDRIC MULTIFUNCIONAL"},"content":{"rendered":"","protected":false},"excerpt":{"rendered":"<p>Gr\u00e0cies a la seva forma cil\u00edndrica es pot utilitzar a les cervicals, per a prevenir i alleujar el dolor de la musculatura paravertebral, a sota dels genolls en casos de ci\u00e0tica o de processos dolorosos i inflamatoris de genolls i a sota dels turmells, per a aconseguir l&#8217;elevaci\u00f3 i drenatge dels membres inferiors.<\/p>\n<p>\u2013 Mesures: 50 x 17 x 17 cm<br \/>\n\u2013 Pes: 1 Kg aproximadament.<\/p>\n<p><strong>PRODUCTE PER ENC\u00c0RREC. TERMINI D\u2019ENTREGA APROXIMAT DE 7-10 DIES.<\/strong><\/p>\n","protected":false},"featured_media":24194,"template":"","meta":[],"product_cat":[1543,130,40,49],"product_tag":[],"_links":{"self":[{"href":"https:\/\/josemestre.com\/ca\/wp-json\/wp\/v2\/product\/24197"}],"collection":[{"href":"https:\/\/josemestre.com\/ca\/wp-json\/wp\/v2\/product"}],"about":[{"href":"https:\/\/josemestre.com\/ca\/wp-json\/wp\/v2\/types\/product"}],"wp:featuredmedia":[{"embeddable":true,"href":"https:\/\/josemestre.com\/ca\/wp-json\/wp\/v2\/media\/24194"}],"wp:attachment":[{"href":"https:\/\/josemestre.com\/ca\/wp-json\/wp\/v2\/media?parent=24197"}],"wp:term":[{"taxonomy":"product_cat","embeddable":true,"href":"https:\/\/josemestre.com\/ca\/wp-json\/wp\/v2\/product_cat?post=24197"},{"taxonomy":"product_tag","embeddable":true,"href":"https:\/\/josemestre.com\/ca\/wp-json\/wp\/v2\/product_tag?post=24197"}],"curies":[{"name":"wp","href":"https:\/\/api.w.org\/{rel}","templated":true}]}}