{"id":24393,"date":"2019-09-18T08:49:24","date_gmt":"2019-09-18T07:49:24","guid":{"rendered":"https:\/\/josemestre.com\/producto\/silla-de-ruedas-de-aluminio-para-traslado\/"},"modified":"2019-09-18T09:31:13","modified_gmt":"2019-09-18T08:31:13","slug":"silla-de-ruedas-de-aluminio-para-traslado_cat","status":"publish","type":"product","link":"https:\/\/josemestre.com\/ca\/producto\/silla-de-ruedas-de-aluminio-para-traslado_cat\/","title":{"rendered":"CADIRA DE RODES D&#8217;ALUMINI PER A TRASLLATS"},"content":{"rendered":"","protected":false},"excerpt":{"rendered":"<p>Aquesta cadira de transport plegable est\u00e1 dissenyada per a facilitar el trasllat d&#8217;un malalt. Es molt lleugera i manejable. A m\u00e9s, es pot plegar d&#8217;una manera molt compacta, permetent portar-la, per exemple, al cotxe, sense ocupar pr\u00e0cticament espai.<\/p>\n<p>&#8211; Estructura d&#8217;alumini i plegable<br \/>\n&#8211; Ample total (desplegada): 51cm<br \/>\n&#8211; Al\u00e7ada (desplegada): 91cm<br \/>\n&#8211; Profunditat sense el reposapeus (desplegada): 75cm<br \/>\n&#8211; Profunditat amb el reposapeus (desplegada): 87cm<br \/>\n&#8211; Al\u00e7ada seient (desplegada): 43cm<br \/>\n&#8211; Mesures seient (desplegada): 30,5cm ample i 33cm llarg<br \/>\n&#8211; Ample total (plegada): 51cm<br \/>\n&#8211; Al\u00e7ada total (plegada): 33cm<br \/>\n&#8211; Llarg total (plegada): 68cm<br \/>\n&#8211; Rodes de darrere: 20cm<br \/>\n&#8211; Rodes de davant: 12cm<br \/>\n&#8211; Pes m\u00e0xim suportat: 100Kg<br \/>\n&#8211; Pes total de la cadira: 6,9Kg<br \/>\n&#8211; Inclou bossa de transport<\/p>\n<p><strong>PRODUCTE PER ENC\u00c0RREC. TERMINI D&#8217;ENTREGA APROXIMAT DE 7-10 DIES.<\/strong><\/p>\n","protected":false},"featured_media":24388,"template":"","meta":[],"product_cat":[1543,130],"product_tag":[],"_links":{"self":[{"href":"https:\/\/josemestre.com\/ca\/wp-json\/wp\/v2\/product\/24393"}],"collection":[{"href":"https:\/\/josemestre.com\/ca\/wp-json\/wp\/v2\/product"}],"about":[{"href":"https:\/\/josemestre.com\/ca\/wp-json\/wp\/v2\/types\/product"}],"wp:featuredmedia":[{"embeddable":true,"href":"https:\/\/josemestre.com\/ca\/wp-json\/wp\/v2\/media\/24388"}],"wp:attachment":[{"href":"https:\/\/josemestre.com\/ca\/wp-json\/wp\/v2\/media?parent=24393"}],"wp:term":[{"taxonomy":"product_cat","embeddable":true,"href":"https:\/\/josemestre.com\/ca\/wp-json\/wp\/v2\/product_cat?post=24393"},{"taxonomy":"product_tag","embeddable":true,"href":"https:\/\/josemestre.com\/ca\/wp-json\/wp\/v2\/product_tag?post=24393"}],"curies":[{"name":"wp","href":"https:\/\/api.w.org\/{rel}","templated":true}]}}