{"id":26462,"date":"2021-07-28T18:04:35","date_gmt":"2021-07-28T17:01:51","guid":{"rendered":"https:\/\/josemestre.com\/?post_type=product&#038;p=26462"},"modified":"2024-07-12T10:00:15","modified_gmt":"2024-07-12T09:00:15","slug":"caminador-rollator-con-frenos-y-bloqueo_cat","status":"publish","type":"product","link":"https:\/\/josemestre.com\/ca\/producto\/caminador-rollator-con-frenos-y-bloqueo_cat\/","title":{"rendered":"CAMINADOR ROLLATOR AMB FRENS I BLOQUEIG"},"content":{"rendered":"","protected":false},"excerpt":{"rendered":"<p>PRODUCTE PER ENC\u00c0RREC. TERMINI D&#8217;ENTREGA APROXIMAT 10 DIES.<\/p>\n<p>Caminador amb l&#8217;estructura d&#8217;acer. No es necessari aixecar el caminador per a poder avan\u00e7ar gr\u00e0cies a les seves 4 rodes. Les rodes del darrere frenen i bloquegen des de les manetes mitjan\u00e7ant els frens.<\/p>\n<p>Producte indicat per a persones amb debilitat en un o ambd\u00f3s membres inferiors, persones amb trastorns d&#8217;equilibri o aquelles que presenten un quadre de disminuci\u00f3 global de la for\u00e7a per\u00f2 que mantenen la suficient als membres superiors com per a utilitzar-lo.<\/p>\n<ul>\n<li>Estructura d&#8217;acer.<\/li>\n<li>Plegable.<\/li>\n<li>Frens manuals i bloqueig.<\/li>\n<li>Al\u00e7ada del seient: 53 cm.<\/li>\n<li>Al\u00e7ada de les manetes: 79-90 cm.<\/li>\n<li>Dimensions: 60 cm ample x 67 cm profund.<\/li>\n<li>Dimensions del seient: 37 x 34 cm.<\/li>\n<li>4 rodes de 203 mm.<\/li>\n<li>Pes article: 9,7 Kg.<\/li>\n<li>Pes m\u00e0xim suportat: 136 Kg.<\/li>\n<\/ul>\n","protected":false},"featured_media":26457,"template":"","meta":[],"product_cat":[1543,130],"product_tag":[2282,2283],"_links":{"self":[{"href":"https:\/\/josemestre.com\/ca\/wp-json\/wp\/v2\/product\/26462"}],"collection":[{"href":"https:\/\/josemestre.com\/ca\/wp-json\/wp\/v2\/product"}],"about":[{"href":"https:\/\/josemestre.com\/ca\/wp-json\/wp\/v2\/types\/product"}],"wp:featuredmedia":[{"embeddable":true,"href":"https:\/\/josemestre.com\/ca\/wp-json\/wp\/v2\/media\/26457"}],"wp:attachment":[{"href":"https:\/\/josemestre.com\/ca\/wp-json\/wp\/v2\/media?parent=26462"}],"wp:term":[{"taxonomy":"product_cat","embeddable":true,"href":"https:\/\/josemestre.com\/ca\/wp-json\/wp\/v2\/product_cat?post=26462"},{"taxonomy":"product_tag","embeddable":true,"href":"https:\/\/josemestre.com\/ca\/wp-json\/wp\/v2\/product_tag?post=26462"}],"curies":[{"name":"wp","href":"https:\/\/api.w.org\/{rel}","templated":true}]}}