{"id":27789,"date":"2023-03-23T19:17:32","date_gmt":"2023-03-23T18:17:43","guid":{"rendered":"https:\/\/josemestre.com\/?post_type=product&#038;p=27789"},"modified":"2023-03-23T19:45:21","modified_gmt":"2023-03-23T18:45:21","slug":"envasos-fagronlab-homogenitzadors_cat","status":"publish","type":"product","link":"https:\/\/josemestre.com\/ca\/producto\/envasos-fagronlab-homogenitzadors_cat\/","title":{"rendered":"ENVASOS FAGRONLAB\u2122 HOMOGENITZADORS"},"content":{"rendered":"<p>Tot els envasos de <em>FagronLab<\/em>\u2122<em>\u00a0<\/em>funcionen amb el disseny patentat de &#8220;principi de pist\u00f3&#8221;, que compleix funcions \u00faniques abans, durant i despr\u00e9s del proc\u00e9s de mesclat. Aquest sistema permet pesar dins l&#8217;env\u00e0s tots els ingredients al mateix temps. L&#8217;ambient tancat aconseguit dins el flasc\u00f3, elimina els problemes d&#8217;entrada d&#8217;aire i les contaminacions associades amb les preparacions tradicionals. Son tamb\u00e9 adequats per a la preparaci\u00f3 i emmagatzematge de cremes i preparacions farmac\u00e8utiques semi-s\u00f2lides.<\/p>\n<p>Els envasos serveixen simult\u00e0niament como a:<\/p>\n<ul>\n<li>Unitat mesuradora<\/li>\n<li>Recipient de mescla<\/li>\n<li>Recipient d&#8217;emmagatzematge<\/li>\n<li>Flasc\u00f3 dispensador<\/li>\n<\/ul>\n<p>Por tant, tots els materials e ingredients romanen al flasc\u00f3 tancat durant el proc\u00e9s de mescla, cosa que per al producte final suposa:<\/p>\n<ul>\n<li>Una vida \u00fatil prolongada<\/li>\n<li>Estalvi significatiu de temps i costos<\/li>\n<li>Dispensaci\u00f3 precisa i espec\u00edfica<\/li>\n<li>Neteja m\u00ednima<\/li>\n<\/ul>\n<p>Els envasos\u00a0 de mescla <em>FagronLab<\/em><em>\u2122\u00a0<\/em> estan fets en polipropil\u00e8 i polietil\u00e8 i es poden escalfar en banys d&#8217;aigua calenta o al microones.<\/p>\n","protected":false},"excerpt":{"rendered":"<p>Tot els envasos de FagronLab\u2122\u00a0funcionen amb el disseny patentat de &#8220;principi de pist\u00f3&#8221;, que compleix funcions \u00faniques abans, durant i despr\u00e9s del proc\u00e9s de mesclat. Aquest sistema permet pesar dins l&#8217;env\u00e0s tots els ingredients al mateix temps. L&#8217;ambient tancat aconseguit dins el flasc\u00f3, elimina els problemes d&#8217;entrada d&#8217;aire i les contaminacions associades amb les preparacions [&hellip;]<\/p>\n","protected":false},"featured_media":27786,"template":"","meta":[],"product_cat":[130,50,64,65],"product_tag":[2291,2292,2293,2294],"_links":{"self":[{"href":"https:\/\/josemestre.com\/ca\/wp-json\/wp\/v2\/product\/27789"}],"collection":[{"href":"https:\/\/josemestre.com\/ca\/wp-json\/wp\/v2\/product"}],"about":[{"href":"https:\/\/josemestre.com\/ca\/wp-json\/wp\/v2\/types\/product"}],"wp:featuredmedia":[{"embeddable":true,"href":"https:\/\/josemestre.com\/ca\/wp-json\/wp\/v2\/media\/27786"}],"wp:attachment":[{"href":"https:\/\/josemestre.com\/ca\/wp-json\/wp\/v2\/media?parent=27789"}],"wp:term":[{"taxonomy":"product_cat","embeddable":true,"href":"https:\/\/josemestre.com\/ca\/wp-json\/wp\/v2\/product_cat?post=27789"},{"taxonomy":"product_tag","embeddable":true,"href":"https:\/\/josemestre.com\/ca\/wp-json\/wp\/v2\/product_tag?post=27789"}],"curies":[{"name":"wp","href":"https:\/\/api.w.org\/{rel}","templated":true}]}}