{"id":27819,"date":"2023-03-23T19:22:26","date_gmt":"2023-03-23T18:22:26","guid":{"rendered":"https:\/\/josemestre.com\/producto\/inyectores-fagronlab\/"},"modified":"2023-03-23T19:46:24","modified_gmt":"2023-03-23T18:46:24","slug":"inyectores-fagronlab","status":"publish","type":"product","link":"https:\/\/josemestre.com\/ca\/producto\/inyectores-fagronlab\/","title":{"rendered":"INJECTORS FAGRONLAB\u2122"},"content":{"rendered":"<p>Els Injectors <em>FagronLab<\/em>\u2122 s&#8217;introdueixen a l&#8217;apertura central dels envasos <em>FagronLab<\/em>\u2122 (<a href=\"https:\/\/josemestre.com\/ca\/producto\/envasos-fagronlab-homogenitzadors_cat\/\">SKU: 0178<\/a>) i redueixen l&#8217;apertura dels flascons de 9 mm a 2 o 4 mm.<br \/>\nLa forma c\u00f3ncava ofereix una aplicaci\u00f3 suau del producte sobre la pell i permet la dispensaci\u00f3 precisa de totes les preparacions d&#8217;alta a baixa viscositat.<br \/>\nA m\u00e9s, l&#8217;injector de 4 mm s&#8217;ajusta a les xeringues est\u00e1ndar per a omplir dosis m\u00e9s precises.<\/p>\n","protected":false},"excerpt":{"rendered":"<p>Els Injectors FagronLab\u2122 s&#8217;introdueixen a l&#8217;apertura central dels envasos FagronLab\u2122 (SKU: 0178) i redueixen l&#8217;apertura dels flascons de 9 mm a 2 o 4 mm. La forma c\u00f3ncava ofereix una aplicaci\u00f3 suau del producte sobre la pell i permet la dispensaci\u00f3 precisa de totes les preparacions d&#8217;alta a baixa viscositat. A m\u00e9s, l&#8217;injector de 4 [&hellip;]<\/p>\n","protected":false},"featured_media":27815,"template":"","meta":[],"product_cat":[130,50,51],"product_tag":[2291,2292,2304,2294],"_links":{"self":[{"href":"https:\/\/josemestre.com\/ca\/wp-json\/wp\/v2\/product\/27819"}],"collection":[{"href":"https:\/\/josemestre.com\/ca\/wp-json\/wp\/v2\/product"}],"about":[{"href":"https:\/\/josemestre.com\/ca\/wp-json\/wp\/v2\/types\/product"}],"wp:featuredmedia":[{"embeddable":true,"href":"https:\/\/josemestre.com\/ca\/wp-json\/wp\/v2\/media\/27815"}],"wp:attachment":[{"href":"https:\/\/josemestre.com\/ca\/wp-json\/wp\/v2\/media?parent=27819"}],"wp:term":[{"taxonomy":"product_cat","embeddable":true,"href":"https:\/\/josemestre.com\/ca\/wp-json\/wp\/v2\/product_cat?post=27819"},{"taxonomy":"product_tag","embeddable":true,"href":"https:\/\/josemestre.com\/ca\/wp-json\/wp\/v2\/product_tag?post=27819"}],"curies":[{"name":"wp","href":"https:\/\/api.w.org\/{rel}","templated":true}]}}