{"id":27887,"date":"2023-03-24T08:44:54","date_gmt":"2023-03-24T07:44:54","guid":{"rendered":"https:\/\/josemestre.com\/producto\/asidero-de-cama-regulable\/"},"modified":"2023-03-24T10:24:02","modified_gmt":"2023-03-24T09:24:02","slug":"asidero-de-cama-regulable","status":"publish","type":"product","link":"https:\/\/josemestre.com\/ca\/producto\/asidero-de-cama-regulable\/","title":{"rendered":"AGAFADOR REGULABLE PER A LLIT"},"content":{"rendered":"<p>L&#8217;agafador regulable d&#8217;incorporaci\u00f3 per a llit, ajuda a aixecar-se i seure&#8217;s del llit amb m\u00e9s seguretat. Com que \u00e9s regulable en amplada, tamb\u00e9 serveix de barana per evitar caigudes.<\/p>\n<p>Caracter\u00edstiques:<\/p>\n<ul>\n<li>Mides agafador: 65-70 cm ample x 50 cm alt.<\/li>\n<li>Mides base: 84-90 cm llarg x 33 cm ample.<\/li>\n<li>Necessita 44 cm fins al terra per abatre&#8217;s.<\/li>\n<li>Pes m\u00e0xim suportat: 75 kg.<\/li>\n<li>Pes article: 3,5 Kg.<\/li>\n<\/ul>\n<p>La seva instal\u00b7laci\u00f3 \u00e9s molt senzilla, nom\u00e9s cal col\u00b7locar-lo sota el matal\u00e0s. No calen eines ja que s&#8217;ajusta al llit gr\u00e0cies a la barra d&#8217;alumini.<\/p>\n<p>L&#8217;agafador es d&#8217;acer cromat i te un tacte suau i llis.<\/p>\n","protected":false},"excerpt":{"rendered":"<p>L&#8217;agafador regulable d&#8217;incorporaci\u00f3 per a llit, ajuda a aixecar-se i seure&#8217;s del llit amb m\u00e9s seguretat. Com que \u00e9s regulable en amplada, tamb\u00e9 serveix de barana per evitar caigudes. Caracter\u00edstiques: Mides agafador: 65-70 cm ample x 50 cm alt. Mides base: 84-90 cm llarg x 33 cm ample. Necessita 44 cm fins al terra per [&hellip;]<\/p>\n","protected":false},"featured_media":27885,"template":"","meta":[],"product_cat":[1543,130],"product_tag":[],"_links":{"self":[{"href":"https:\/\/josemestre.com\/ca\/wp-json\/wp\/v2\/product\/27887"}],"collection":[{"href":"https:\/\/josemestre.com\/ca\/wp-json\/wp\/v2\/product"}],"about":[{"href":"https:\/\/josemestre.com\/ca\/wp-json\/wp\/v2\/types\/product"}],"wp:featuredmedia":[{"embeddable":true,"href":"https:\/\/josemestre.com\/ca\/wp-json\/wp\/v2\/media\/27885"}],"wp:attachment":[{"href":"https:\/\/josemestre.com\/ca\/wp-json\/wp\/v2\/media?parent=27887"}],"wp:term":[{"taxonomy":"product_cat","embeddable":true,"href":"https:\/\/josemestre.com\/ca\/wp-json\/wp\/v2\/product_cat?post=27887"},{"taxonomy":"product_tag","embeddable":true,"href":"https:\/\/josemestre.com\/ca\/wp-json\/wp\/v2\/product_tag?post=27887"}],"curies":[{"name":"wp","href":"https:\/\/api.w.org\/{rel}","templated":true}]}}