{"id":27895,"date":"2023-03-24T10:32:04","date_gmt":"2023-03-24T09:32:04","guid":{"rendered":"https:\/\/josemestre.com\/producto\/silla-de-bano-xl-con-brazos\/"},"modified":"2023-07-19T11:14:16","modified_gmt":"2023-07-19T10:14:16","slug":"silla-de-bano-xl-con-brazos","status":"publish","type":"product","link":"https:\/\/josemestre.com\/ca\/producto\/silla-de-bano-xl-con-brazos\/","title":{"rendered":"CADIRA PER AL BANY XL AMB BRA\u00c7OS"},"content":{"rendered":"","protected":false},"excerpt":{"rendered":"<p>La cadira per a bany XL amb bra\u00e7os i respatller \u00e9s un producte de suport per a la higiene personal. El seu disseny proporciona m\u00e9s comoditat i ajuda per a una millor incorporaci\u00f3.<\/p>\n<p>Indicada per a persones corpulentes amb mobilitat redu\u00efda, adults grans, per a persones amb lesions que afectin l&#8217;equilibri o que no poden estar dretes durant la higiene personal. No necessita eines per al seu muntatge.<\/p>\n<p>Les seves caracter\u00edstiques s\u00f3n les seg\u00fcents:<\/p>\n<ul>\n<li>Material estructura: Alumini.<\/li>\n<li>Material seient: Polipropil\u00e8 amb silicona EVA.<\/li>\n<li>Regulable en al\u00e7ada: 38-48 cm.<\/li>\n<li>Mides seient: 44 x 38 cm.<\/li>\n<li>Pes de l&#8217;article: 3,2 Kg.<\/li>\n<li>Pes m\u00e0xim suportat: 227 kg.<\/li>\n<li>Muntatge sense eines<\/li>\n<\/ul>\n","protected":false},"featured_media":27893,"template":"","meta":[],"product_cat":[1543,130],"product_tag":[],"_links":{"self":[{"href":"https:\/\/josemestre.com\/ca\/wp-json\/wp\/v2\/product\/27895"}],"collection":[{"href":"https:\/\/josemestre.com\/ca\/wp-json\/wp\/v2\/product"}],"about":[{"href":"https:\/\/josemestre.com\/ca\/wp-json\/wp\/v2\/types\/product"}],"wp:featuredmedia":[{"embeddable":true,"href":"https:\/\/josemestre.com\/ca\/wp-json\/wp\/v2\/media\/27893"}],"wp:attachment":[{"href":"https:\/\/josemestre.com\/ca\/wp-json\/wp\/v2\/media?parent=27895"}],"wp:term":[{"taxonomy":"product_cat","embeddable":true,"href":"https:\/\/josemestre.com\/ca\/wp-json\/wp\/v2\/product_cat?post=27895"},{"taxonomy":"product_tag","embeddable":true,"href":"https:\/\/josemestre.com\/ca\/wp-json\/wp\/v2\/product_tag?post=27895"}],"curies":[{"name":"wp","href":"https:\/\/api.w.org\/{rel}","templated":true}]}}