{"id":28110,"date":"2023-07-19T16:01:29","date_gmt":"2023-07-19T15:01:29","guid":{"rendered":"https:\/\/josemestre.com\/producto\/silla-tapizada-con-inodoro\/"},"modified":"2023-07-19T16:30:30","modified_gmt":"2023-07-19T15:30:30","slug":"silla-tapizada-con-inodoro","status":"publish","type":"product","link":"https:\/\/josemestre.com\/ca\/producto\/silla-tapizada-con-inodoro\/","title":{"rendered":"CADIRA ENTAPISSADA AMB ORINAL"},"content":{"rendered":"","protected":false},"excerpt":{"rendered":"<p>Aquesta cadira entapissada amb orinal es un producte per al bany. Com se&#8217;n pot regular l&#8217;al\u00e7ada, es pot fer servir sobre l&#8217;inodor com si fos un elevador de WC. Tanmateix, al disposar de cubeta,\u00a0 es pot fer servir tamb\u00e9 a qualsevol part de la casa.<\/p>\n<p>Es tracta d&#8217;una cadira indicada per a persones amb problemes de mobilitat i que no tenen la capacitad d&#8217;aguantar el seu cos assegut sobre l&#8217;inodor. Tamb\u00e9 pot ser una opci\u00f3 per a millorar la qualitat de vida de persones que pateixen incontin\u00e8ncia urinaria.<\/p>\n<ul>\n<li>Fabricada en acer pintat<\/li>\n<li>Desmuntable per a facilitar-ne el transport.<\/li>\n<li>Seient i espatller encoixinats.<\/li>\n<li>Amb cubeta.<\/li>\n<li>Al\u00e7ada regulable: Del terra al seient de 47 a 62 cm.<\/li>\n<li>Mesures seient: 45 x 45 cm.<\/li>\n<li>Pes m\u00e0xim suportat: 100 Kg.<\/li>\n<li>Ample total: 58 cm.<\/li>\n<li>Pes del producte: 8,7 Kg.<\/li>\n<\/ul>\n<p><em>MANTENIMENT: Utilitzar detergent neutre i aigua calenta per a netejar-lo.\u00a0 No utilitzar productes abrasius. Despr\u00e9s de la neteja, es recomana un bon assecat<\/em>.<\/p>\n","protected":false},"featured_media":28108,"template":"","meta":[],"product_cat":[1543,130],"product_tag":[],"_links":{"self":[{"href":"https:\/\/josemestre.com\/ca\/wp-json\/wp\/v2\/product\/28110"}],"collection":[{"href":"https:\/\/josemestre.com\/ca\/wp-json\/wp\/v2\/product"}],"about":[{"href":"https:\/\/josemestre.com\/ca\/wp-json\/wp\/v2\/types\/product"}],"wp:featuredmedia":[{"embeddable":true,"href":"https:\/\/josemestre.com\/ca\/wp-json\/wp\/v2\/media\/28108"}],"wp:attachment":[{"href":"https:\/\/josemestre.com\/ca\/wp-json\/wp\/v2\/media?parent=28110"}],"wp:term":[{"taxonomy":"product_cat","embeddable":true,"href":"https:\/\/josemestre.com\/ca\/wp-json\/wp\/v2\/product_cat?post=28110"},{"taxonomy":"product_tag","embeddable":true,"href":"https:\/\/josemestre.com\/ca\/wp-json\/wp\/v2\/product_tag?post=28110"}],"curies":[{"name":"wp","href":"https:\/\/api.w.org\/{rel}","templated":true}]}}