{"id":28619,"date":"2024-05-09T15:39:04","date_gmt":"2024-05-09T14:39:04","guid":{"rendered":"https:\/\/josemestre.com\/?post_type=product&#038;p=28619"},"modified":"2024-05-10T13:01:54","modified_gmt":"2024-05-10T12:01:54","slug":"braga-menstrual-cocoro-basic-plus","status":"publish","type":"product","link":"https:\/\/josemestre.com\/ca\/producto\/braga-menstrual-cocoro-basic-plus\/","title":{"rendered":"CAL\u00c7A MENSTRUAL COCORO\u00ae BASIC PLUS"},"content":{"rendered":"","protected":false},"excerpt":{"rendered":"<p>Les calces menstruals COCORO\u00ae Basic Plus tenen una absorci\u00f3 elevada, entre 7 ml i 12 ml de fluix (l&#8217;equivalent a 2\/3 tampons normals).<\/p>\n<p>Ideal per als primers dies de menstruaci\u00f3, es poden combinar amb altres productes menstruals d&#8217;\u00fas intern.<\/p>\n<p>La combinaci\u00f3 de cot\u00f3 org\u00e0nic amb un teixit t\u00e8cnic hidr\u00f2fil, hidr\u00f2fug, antibacteri\u00e0 i transpirable, permet l&#8217;absorci\u00f3 i retenci\u00f3 de la menstruaci\u00f3 assegurant la transpirabilitat de la zona genital.<\/p>\n<p><strong>Composici\u00f3:<\/strong><\/p>\n<ul>\n<li>Capa interior (en contacte amb la zona intima): 100% Cot\u00f3 org\u00e0nic.<\/li>\n<li>Capa exterior: 95% Cot\u00f3 org\u00e0nic, 5% Elast\u00e0.<\/li>\n<li>Capes interm\u00e8dies (nom\u00e8s al pont): 100% Poli\u00e8ster, 62% Bamb\u00fa, 38% Poliamida.<\/li>\n<\/ul>\n","protected":false},"featured_media":28607,"template":"","meta":[],"product_cat":[130,40,42],"product_tag":[],"_links":{"self":[{"href":"https:\/\/josemestre.com\/ca\/wp-json\/wp\/v2\/product\/28619"}],"collection":[{"href":"https:\/\/josemestre.com\/ca\/wp-json\/wp\/v2\/product"}],"about":[{"href":"https:\/\/josemestre.com\/ca\/wp-json\/wp\/v2\/types\/product"}],"wp:featuredmedia":[{"embeddable":true,"href":"https:\/\/josemestre.com\/ca\/wp-json\/wp\/v2\/media\/28607"}],"wp:attachment":[{"href":"https:\/\/josemestre.com\/ca\/wp-json\/wp\/v2\/media?parent=28619"}],"wp:term":[{"taxonomy":"product_cat","embeddable":true,"href":"https:\/\/josemestre.com\/ca\/wp-json\/wp\/v2\/product_cat?post=28619"},{"taxonomy":"product_tag","embeddable":true,"href":"https:\/\/josemestre.com\/ca\/wp-json\/wp\/v2\/product_tag?post=28619"}],"curies":[{"name":"wp","href":"https:\/\/api.w.org\/{rel}","templated":true}]}}