{"id":28760,"date":"2024-06-21T07:46:36","date_gmt":"2024-06-21T06:46:54","guid":{"rendered":"https:\/\/josemestre.com\/?post_type=product&#038;p=28760"},"modified":"2024-06-26T11:44:58","modified_gmt":"2024-06-26T10:44:58","slug":"calzador-regulable-de-aluminio","status":"publish","type":"product","link":"https:\/\/josemestre.com\/ca\/producto\/calzador-regulable-de-aluminio\/","title":{"rendered":"CAL\u00c7ADOR REGULABLE D&#8217;ALUMINI"},"content":{"rendered":"","protected":false},"excerpt":{"rendered":"<p>El cal\u00e7ador regulable d&#8217;alumini es adequat per a aquelles persones que no poden ajupir-se suficient per a cal\u00e7ar-se c\u00f3modament.<\/p>\n<p>Caracter\u00edstiques:<\/p>\n<ul>\n<li>Material: Alumini<\/li>\n<li>Longitud regulable: De 48 cm a 71 cm<\/li>\n<\/ul>\n","protected":false},"featured_media":28758,"template":"","meta":[],"product_cat":[1543,130],"product_tag":[],"_links":{"self":[{"href":"https:\/\/josemestre.com\/ca\/wp-json\/wp\/v2\/product\/28760"}],"collection":[{"href":"https:\/\/josemestre.com\/ca\/wp-json\/wp\/v2\/product"}],"about":[{"href":"https:\/\/josemestre.com\/ca\/wp-json\/wp\/v2\/types\/product"}],"wp:featuredmedia":[{"embeddable":true,"href":"https:\/\/josemestre.com\/ca\/wp-json\/wp\/v2\/media\/28758"}],"wp:attachment":[{"href":"https:\/\/josemestre.com\/ca\/wp-json\/wp\/v2\/media?parent=28760"}],"wp:term":[{"taxonomy":"product_cat","embeddable":true,"href":"https:\/\/josemestre.com\/ca\/wp-json\/wp\/v2\/product_cat?post=28760"},{"taxonomy":"product_tag","embeddable":true,"href":"https:\/\/josemestre.com\/ca\/wp-json\/wp\/v2\/product_tag?post=28760"}],"curies":[{"name":"wp","href":"https:\/\/api.w.org\/{rel}","templated":true}]}}