{"id":29762,"date":"2025-09-18T16:19:48","date_gmt":"2025-09-18T15:19:48","guid":{"rendered":"https:\/\/josemestre.com\/producto\/funda-de-gel-para-muletas-2u\/"},"modified":"2025-09-18T16:41:13","modified_gmt":"2025-09-18T15:41:13","slug":"funda-de-gel-para-muletas-2u","status":"publish","type":"product","link":"https:\/\/josemestre.com\/ca\/producto\/funda-de-gel-para-muletas-2u\/","title":{"rendered":"FUNDA DE GEL PER A CROSSES (2 u.)"},"content":{"rendered":"","protected":false},"excerpt":{"rendered":"<p>Producte pensat per a donar un major confort al caminar i d&#8217;aquesta manera, prevenir l&#8217;aparici\u00f3 de dur\u00edcies a les mans.<br \/>\nEl patr\u00f3 de diamant dibuixat a la funda, millora l&#8217;adher\u00e8ncia amb la crossa. S&#8217;adapta a diferents tipus de m\u00e0necs gr\u00e0cies a la seva elasticitat.<br \/>\nEs pot rentar i reutilitzar. Es caracteritza per:<\/p>\n<ul>\n<li>Fabricada en gel.<\/li>\n<li>El\u00e0stica i adaptable.<\/li>\n<li>Patr\u00f3 de diamant que millora l&#8217;adher\u00e8ncia.<\/li>\n<li>Talla \u00fanica.<\/li>\n<li>Rentable.<\/li>\n<li>Es venen 2 unitats.<\/li>\n<\/ul>\n","protected":false},"featured_media":29754,"template":"","meta":[],"product_cat":[1543,130],"product_tag":[],"_links":{"self":[{"href":"https:\/\/josemestre.com\/ca\/wp-json\/wp\/v2\/product\/29762"}],"collection":[{"href":"https:\/\/josemestre.com\/ca\/wp-json\/wp\/v2\/product"}],"about":[{"href":"https:\/\/josemestre.com\/ca\/wp-json\/wp\/v2\/types\/product"}],"wp:featuredmedia":[{"embeddable":true,"href":"https:\/\/josemestre.com\/ca\/wp-json\/wp\/v2\/media\/29754"}],"wp:attachment":[{"href":"https:\/\/josemestre.com\/ca\/wp-json\/wp\/v2\/media?parent=29762"}],"wp:term":[{"taxonomy":"product_cat","embeddable":true,"href":"https:\/\/josemestre.com\/ca\/wp-json\/wp\/v2\/product_cat?post=29762"},{"taxonomy":"product_tag","embeddable":true,"href":"https:\/\/josemestre.com\/ca\/wp-json\/wp\/v2\/product_tag?post=29762"}],"curies":[{"name":"wp","href":"https:\/\/api.w.org\/{rel}","templated":true}]}}