{"id":30222,"date":"2026-02-24T16:25:32","date_gmt":"2026-02-24T15:25:18","guid":{"rendered":"https:\/\/josemestre.com\/?post_type=product&#038;p=30222"},"modified":"2026-03-11T16:04:38","modified_gmt":"2026-03-11T15:04:38","slug":"mitges-joya-elastic-curtes","status":"publish","type":"product","link":"https:\/\/josemestre.com\/ca\/producto\/mitges-joya-elastic-curtes\/","title":{"rendered":"MITGES \u201cJOYA\u201d ELASTIC CURTES"},"content":{"rendered":"","protected":false},"excerpt":{"rendered":"<p>Mitges de compressi\u00f3 m\u00e8dica amb elasticitat decreixent CCL2 (23-32 mmHg).<\/p>\n<p>F\u00e0cils de col\u00b7locar gr\u00e0cies al mitjo de sat\u00e9n que s&#8217;inlcou.<\/p>\n<ul>\n<li>Composici\u00f3: 49% Poliamida, 29% Elast\u00e0, 22% Cot\u00f3.<\/li>\n<li>Hipoal\u00b7lerg\u00e8niques i transpirables.<\/li>\n<li>Sense puntera i amb el tal\u00f3 refor\u00e7at.<\/li>\n<li>En color Beige.<\/li>\n<\/ul>\n<p>S&#8217;INCLOUEN DUES UNITATS PER CAIXA.<\/p>\n<h4><strong><a href=\"https:\/\/josemestre.com\/pdf\/es\/GUIA MEDIDAS-MEDIA_JOYA_ELASTIC_CORTA_CAST_red.pdf\">CONSULTEU LA GUIA DE MESURES I TALLES AQU\u00cd.<\/a><\/strong><\/h4>\n","protected":false},"featured_media":30267,"template":"","meta":[],"product_cat":[130,40,54,55],"product_tag":[],"_links":{"self":[{"href":"https:\/\/josemestre.com\/ca\/wp-json\/wp\/v2\/product\/30222"}],"collection":[{"href":"https:\/\/josemestre.com\/ca\/wp-json\/wp\/v2\/product"}],"about":[{"href":"https:\/\/josemestre.com\/ca\/wp-json\/wp\/v2\/types\/product"}],"wp:featuredmedia":[{"embeddable":true,"href":"https:\/\/josemestre.com\/ca\/wp-json\/wp\/v2\/media\/30267"}],"wp:attachment":[{"href":"https:\/\/josemestre.com\/ca\/wp-json\/wp\/v2\/media?parent=30222"}],"wp:term":[{"taxonomy":"product_cat","embeddable":true,"href":"https:\/\/josemestre.com\/ca\/wp-json\/wp\/v2\/product_cat?post=30222"},{"taxonomy":"product_tag","embeddable":true,"href":"https:\/\/josemestre.com\/ca\/wp-json\/wp\/v2\/product_tag?post=30222"}],"curies":[{"name":"wp","href":"https:\/\/api.w.org\/{rel}","templated":true}]}}