{"id":30234,"date":"2026-02-24T20:05:33","date_gmt":"2026-02-24T19:06:13","guid":{"rendered":"https:\/\/josemestre.com\/?post_type=product&#038;p=30234"},"modified":"2026-03-11T19:50:08","modified_gmt":"2026-03-11T18:50:08","slug":"mitges-joya-elastic-llargues","status":"publish","type":"product","link":"https:\/\/josemestre.com\/ca\/producto\/mitges-joya-elastic-llargues\/","title":{"rendered":"MITGES \u201cJOYA\u201d ELASTIC LLARGUES"},"content":{"rendered":"","protected":false},"excerpt":{"rendered":"<p>Mitges de compressi\u00f3 m\u00e8dica amb elasticitat decreixent KKL2 (23-32 mmHg).<\/p>\n<p>F\u00e0cils de col\u00b7locar gr\u00e0cies al mitjo de sat\u00e9n que s&#8217;inlcou.<\/p>\n<ul>\n<li>Composici\u00f3: 49% Poliamida, 29% Elast\u00e0, 22% Cot\u00f3.<\/li>\n<li>Hipoalerg\u00e8niques i transpirables.<\/li>\n<li>Sense puntera i amb el tal\u00f3 refor\u00e7at.<\/li>\n<li>Incorporen una banda de silicona per a evitar que s&#8217;enrotlli sobre si mateixa.<\/li>\n<li>En color Beige.<\/li>\n<\/ul>\n<p>CADA CAIXA CONT\u00c9 2 MITGES.<\/p>\n<h4><strong><a href=\"https:\/\/josemestre.com\/pdf\/ca\/GUIA MEDIDAS-MEDIA_JOYA_ELASTIC_LARGA_CAT_red.pdf\">CONSULTEU LA GUIA DE MESURES I TALLES AQU\u00cd.<\/a><\/strong><\/h4>\n","protected":false},"featured_media":30300,"template":"","meta":[],"product_cat":[130,40,54,55],"product_tag":[],"_links":{"self":[{"href":"https:\/\/josemestre.com\/ca\/wp-json\/wp\/v2\/product\/30234"}],"collection":[{"href":"https:\/\/josemestre.com\/ca\/wp-json\/wp\/v2\/product"}],"about":[{"href":"https:\/\/josemestre.com\/ca\/wp-json\/wp\/v2\/types\/product"}],"wp:featuredmedia":[{"embeddable":true,"href":"https:\/\/josemestre.com\/ca\/wp-json\/wp\/v2\/media\/30300"}],"wp:attachment":[{"href":"https:\/\/josemestre.com\/ca\/wp-json\/wp\/v2\/media?parent=30234"}],"wp:term":[{"taxonomy":"product_cat","embeddable":true,"href":"https:\/\/josemestre.com\/ca\/wp-json\/wp\/v2\/product_cat?post=30234"},{"taxonomy":"product_tag","embeddable":true,"href":"https:\/\/josemestre.com\/ca\/wp-json\/wp\/v2\/product_tag?post=30234"}],"curies":[{"name":"wp","href":"https:\/\/api.w.org\/{rel}","templated":true}]}}