{"id":6212,"date":"2016-07-27T08:39:48","date_gmt":"2016-07-27T09:08:43","guid":{"rendered":"http:\/\/localhost\/jm2\/product\/recipient-higienic-aseptic-joya\/?lang=ca"},"modified":"2019-10-24T17:48:40","modified_gmt":"2019-10-24T16:48:40","slug":"recipient-higienic-aseptic-joya","status":"publish","type":"product","link":"https:\/\/josemestre.com\/ca\/producto\/recipient-higienic-aseptic-joya\/","title":{"rendered":"RECIPIENT &#8220;JOYA&#8221; HIGI\u00c8NIC"},"content":{"rendered":"","protected":false},"excerpt":{"rendered":"<p>Recipient de pl\u00e0stic pensat per a la conservaci\u00f3 de dentadures postisses.<\/p>\n<p>Venda per unitats<\/p>\n","protected":false},"featured_media":23042,"template":"","meta":[],"product_cat":[40,42,44],"product_tag":[2157,2171,2230],"_links":{"self":[{"href":"https:\/\/josemestre.com\/ca\/wp-json\/wp\/v2\/product\/6212"}],"collection":[{"href":"https:\/\/josemestre.com\/ca\/wp-json\/wp\/v2\/product"}],"about":[{"href":"https:\/\/josemestre.com\/ca\/wp-json\/wp\/v2\/types\/product"}],"wp:featuredmedia":[{"embeddable":true,"href":"https:\/\/josemestre.com\/ca\/wp-json\/wp\/v2\/media\/23042"}],"wp:attachment":[{"href":"https:\/\/josemestre.com\/ca\/wp-json\/wp\/v2\/media?parent=6212"}],"wp:term":[{"taxonomy":"product_cat","embeddable":true,"href":"https:\/\/josemestre.com\/ca\/wp-json\/wp\/v2\/product_cat?post=6212"},{"taxonomy":"product_tag","embeddable":true,"href":"https:\/\/josemestre.com\/ca\/wp-json\/wp\/v2\/product_tag?post=6212"}],"curies":[{"name":"wp","href":"https:\/\/api.w.org\/{rel}","templated":true}]}}