{"id":6214,"date":"2016-07-27T08:39:48","date_gmt":"2016-07-27T09:08:43","guid":{"rendered":"http:\/\/localhost\/jm2\/product\/irrigador-2-l-verystrong-nomes-diposit\/?lang=ca"},"modified":"2025-04-23T17:34:23","modified_gmt":"2025-04-23T16:34:23","slug":"diposit-plastic-verystrong-2l","status":"publish","type":"product","link":"https:\/\/josemestre.com\/ca\/producto\/diposit-plastic-verystrong-2l\/","title":{"rendered":"DIP\u00d2SIT DE PL\u00c0STIC &#8220;VERYSTRONG&#8221; 2 L"},"content":{"rendered":"","protected":false},"excerpt":{"rendered":"<p>Dip\u00f2sit de pl\u00e0stic amb capacitat de 2 litres.<\/p>\n<p>Venda per unitats.<\/p>\n","protected":false},"featured_media":19764,"template":"","meta":[],"product_cat":[40,42,45],"product_tag":[],"_links":{"self":[{"href":"https:\/\/josemestre.com\/ca\/wp-json\/wp\/v2\/product\/6214"}],"collection":[{"href":"https:\/\/josemestre.com\/ca\/wp-json\/wp\/v2\/product"}],"about":[{"href":"https:\/\/josemestre.com\/ca\/wp-json\/wp\/v2\/types\/product"}],"wp:featuredmedia":[{"embeddable":true,"href":"https:\/\/josemestre.com\/ca\/wp-json\/wp\/v2\/media\/19764"}],"wp:attachment":[{"href":"https:\/\/josemestre.com\/ca\/wp-json\/wp\/v2\/media?parent=6214"}],"wp:term":[{"taxonomy":"product_cat","embeddable":true,"href":"https:\/\/josemestre.com\/ca\/wp-json\/wp\/v2\/product_cat?post=6214"},{"taxonomy":"product_tag","embeddable":true,"href":"https:\/\/josemestre.com\/ca\/wp-json\/wp\/v2\/product_tag?post=6214"}],"curies":[{"name":"wp","href":"https:\/\/api.w.org\/{rel}","templated":true}]}}