{"id":6222,"date":"2016-07-27T08:39:48","date_gmt":"2016-07-27T09:08:43","guid":{"rendered":"http:\/\/localhost\/jm2\/product\/pastiller-jm-setmanal\/?lang=ca"},"modified":"2019-10-24T16:57:57","modified_gmt":"2019-10-24T15:57:57","slug":"pastiller-jm-setmanal","status":"publish","type":"product","link":"https:\/\/josemestre.com\/ca\/producto\/pastiller-jm-setmanal\/","title":{"rendered":"PASTILLER &#8220;JM&#8221; SETMANAL"},"content":{"rendered":"","protected":false},"excerpt":{"rendered":"<p>Pastiller setmanal amb set caixes extra\u00efbles\u00a0en el seu interior\u00a0per a la seva portabilitat. Cada caixa interior disposa d&#8217;unes parets adaptables per classificar el seu contingut segons convingui. Aquestes caixes es poden marcar amb el\u00a0dia\u00a0de la setmana i la presa gr\u00e0cies als adhesius est\u00e0ndard que v\u00e9nen inclosos.<\/p>\n<p>Venda per unitats.<\/p>\n","protected":false},"featured_media":20348,"template":"","meta":[],"product_cat":[40,47,43],"product_tag":[1969,1970,1984,1991,2000,1920,1936],"_links":{"self":[{"href":"https:\/\/josemestre.com\/ca\/wp-json\/wp\/v2\/product\/6222"}],"collection":[{"href":"https:\/\/josemestre.com\/ca\/wp-json\/wp\/v2\/product"}],"about":[{"href":"https:\/\/josemestre.com\/ca\/wp-json\/wp\/v2\/types\/product"}],"wp:featuredmedia":[{"embeddable":true,"href":"https:\/\/josemestre.com\/ca\/wp-json\/wp\/v2\/media\/20348"}],"wp:attachment":[{"href":"https:\/\/josemestre.com\/ca\/wp-json\/wp\/v2\/media?parent=6222"}],"wp:term":[{"taxonomy":"product_cat","embeddable":true,"href":"https:\/\/josemestre.com\/ca\/wp-json\/wp\/v2\/product_cat?post=6222"},{"taxonomy":"product_tag","embeddable":true,"href":"https:\/\/josemestre.com\/ca\/wp-json\/wp\/v2\/product_tag?post=6222"}],"curies":[{"name":"wp","href":"https:\/\/api.w.org\/{rel}","templated":true}]}}