{"id":6223,"date":"2016-07-27T08:39:48","date_gmt":"2016-07-27T09:08:43","guid":{"rendered":"http:\/\/localhost\/jm2\/product\/termometre-clinic-sira-digital\/?lang=ca"},"modified":"2022-03-07T12:24:30","modified_gmt":"2022-03-07T11:24:30","slug":"termometre-digital-sira","status":"publish","type":"product","link":"https:\/\/josemestre.com\/ca\/producto\/termometre-digital-sira\/","title":{"rendered":"TERM\u00d2METRE CL\u00cdNIC DIGITAL &#8220;SIRA&#8221;"},"content":{"rendered":"","protected":false},"excerpt":{"rendered":"<p>Term\u00f2metre digital amb els d\u00edgits grans, un av\u00eds ac\u00fastic i mem\u00f2ria de l&#8217;\u00faltima lectura.<\/p>\n<p>Venda per unitats.<\/p>\n","protected":false},"featured_media":26869,"template":"","meta":[],"product_cat":[40,41,48],"product_tag":[1971,1946,1943],"_links":{"self":[{"href":"https:\/\/josemestre.com\/ca\/wp-json\/wp\/v2\/product\/6223"}],"collection":[{"href":"https:\/\/josemestre.com\/ca\/wp-json\/wp\/v2\/product"}],"about":[{"href":"https:\/\/josemestre.com\/ca\/wp-json\/wp\/v2\/types\/product"}],"wp:featuredmedia":[{"embeddable":true,"href":"https:\/\/josemestre.com\/ca\/wp-json\/wp\/v2\/media\/26869"}],"wp:attachment":[{"href":"https:\/\/josemestre.com\/ca\/wp-json\/wp\/v2\/media?parent=6223"}],"wp:term":[{"taxonomy":"product_cat","embeddable":true,"href":"https:\/\/josemestre.com\/ca\/wp-json\/wp\/v2\/product_cat?post=6223"},{"taxonomy":"product_tag","embeddable":true,"href":"https:\/\/josemestre.com\/ca\/wp-json\/wp\/v2\/product_tag?post=6223"}],"curies":[{"name":"wp","href":"https:\/\/api.w.org\/{rel}","templated":true}]}}