{"id":6225,"date":"2016-07-27T08:39:48","date_gmt":"2016-07-27T09:08:43","guid":{"rendered":"http:\/\/localhost\/jm2\/product\/carpeta-targeta-sanitaria-i-receptes\/?lang=ca"},"modified":"2025-07-18T10:17:23","modified_gmt":"2025-07-18T09:17:23","slug":"carpeta-targeta-sanitaria-i-receptes","status":"publish","type":"product","link":"https:\/\/josemestre.com\/ca\/producto\/carpeta-targeta-sanitaria-i-receptes\/","title":{"rendered":"CARPETA TARGETA SANITARIA I RECEPTES \u201cJM\u201d"},"content":{"rendered":"","protected":false},"excerpt":{"rendered":"<p>Carpeta de pl\u00e0stic en blau mar\u00ed per a la targeta sanit\u00e0ria i receptes.<\/p>\n<p>Venda per unitats.<\/p>\n","protected":false},"featured_media":20228,"template":"","meta":[],"product_cat":[40,47],"product_tag":[1955,1991,1927,1930,1948],"_links":{"self":[{"href":"https:\/\/josemestre.com\/ca\/wp-json\/wp\/v2\/product\/6225"}],"collection":[{"href":"https:\/\/josemestre.com\/ca\/wp-json\/wp\/v2\/product"}],"about":[{"href":"https:\/\/josemestre.com\/ca\/wp-json\/wp\/v2\/types\/product"}],"wp:featuredmedia":[{"embeddable":true,"href":"https:\/\/josemestre.com\/ca\/wp-json\/wp\/v2\/media\/20228"}],"wp:attachment":[{"href":"https:\/\/josemestre.com\/ca\/wp-json\/wp\/v2\/media?parent=6225"}],"wp:term":[{"taxonomy":"product_cat","embeddable":true,"href":"https:\/\/josemestre.com\/ca\/wp-json\/wp\/v2\/product_cat?post=6225"},{"taxonomy":"product_tag","embeddable":true,"href":"https:\/\/josemestre.com\/ca\/wp-json\/wp\/v2\/product_tag?post=6225"}],"curies":[{"name":"wp","href":"https:\/\/api.w.org\/{rel}","templated":true}]}}