{"id":6227,"date":"2016-07-27T08:39:48","date_gmt":"2016-07-27T09:08:43","guid":{"rendered":"http:\/\/localhost\/jm2\/product\/coixinet-cervical-jm\/?lang=ca"},"modified":"2019-10-24T16:56:17","modified_gmt":"2019-10-24T15:56:17","slug":"coixinet-cervical-jm","status":"publish","type":"product","link":"https:\/\/josemestre.com\/ca\/producto\/coixinet-cervical-jm\/","title":{"rendered":"COIXINET CERVICAL &#8220;JM&#8221;"},"content":{"rendered":"","protected":false},"excerpt":{"rendered":"<p>Coixinet inflable en forma de ferradura per a les cervicals.<br \/>\nIndicat per a prevenir mals de cap, espatlla i columna. Ajuda a mantenir recta la columna vertebral omplint la concavitat del coll, per a relaxar la nuca i evitar tensions musculars.<\/p>\n<p>\u2013 Totalment plegable.<br \/>\n\u2013 Fabricat en color blau mar\u00ed.<br \/>\n\u2013 Composici\u00f3: 70% Policlorur de vinil, 27% Cot\u00f3, 3% Poli\u00e8ster.<\/p>\n<p>Venda per unitats.<\/p>\n","protected":false},"featured_media":20113,"template":"","meta":[],"product_cat":[1543,130,40,49,132,43],"product_tag":[1958,1960,1964,1994,1912],"_links":{"self":[{"href":"https:\/\/josemestre.com\/ca\/wp-json\/wp\/v2\/product\/6227"}],"collection":[{"href":"https:\/\/josemestre.com\/ca\/wp-json\/wp\/v2\/product"}],"about":[{"href":"https:\/\/josemestre.com\/ca\/wp-json\/wp\/v2\/types\/product"}],"wp:featuredmedia":[{"embeddable":true,"href":"https:\/\/josemestre.com\/ca\/wp-json\/wp\/v2\/media\/20113"}],"wp:attachment":[{"href":"https:\/\/josemestre.com\/ca\/wp-json\/wp\/v2\/media?parent=6227"}],"wp:term":[{"taxonomy":"product_cat","embeddable":true,"href":"https:\/\/josemestre.com\/ca\/wp-json\/wp\/v2\/product_cat?post=6227"},{"taxonomy":"product_tag","embeddable":true,"href":"https:\/\/josemestre.com\/ca\/wp-json\/wp\/v2\/product_tag?post=6227"}],"curies":[{"name":"wp","href":"https:\/\/api.w.org\/{rel}","templated":true}]}}