{"id":6232,"date":"2016-07-27T08:39:48","date_gmt":"2016-07-27T09:08:43","guid":{"rendered":"http:\/\/localhost\/jm2\/product\/banyera-ocular-joya\/?lang=ca"},"modified":"2023-09-27T14:35:18","modified_gmt":"2023-09-27T13:35:18","slug":"banyera-ocular-joya","status":"publish","type":"product","link":"https:\/\/josemestre.com\/ca\/producto\/banyera-ocular-joya\/","title":{"rendered":"BANYERA OCULAR &#8220;JOYA&#8221;"},"content":{"rendered":"","protected":false},"excerpt":{"rendered":"<p>Banyera ocular de pl\u00e0stic irrompible amb un disseny anat\u00f2mic que facilita la neteja de l&#8217;\u00f2rbita ocular.<\/p>\n<p>Venda per unitats<\/p>\n","protected":false},"featured_media":19725,"template":"","meta":[],"product_cat":[40,42,44],"product_tag":[2015,2009,1997,2006,2005],"_links":{"self":[{"href":"https:\/\/josemestre.com\/ca\/wp-json\/wp\/v2\/product\/6232"}],"collection":[{"href":"https:\/\/josemestre.com\/ca\/wp-json\/wp\/v2\/product"}],"about":[{"href":"https:\/\/josemestre.com\/ca\/wp-json\/wp\/v2\/types\/product"}],"wp:featuredmedia":[{"embeddable":true,"href":"https:\/\/josemestre.com\/ca\/wp-json\/wp\/v2\/media\/19725"}],"wp:attachment":[{"href":"https:\/\/josemestre.com\/ca\/wp-json\/wp\/v2\/media?parent=6232"}],"wp:term":[{"taxonomy":"product_cat","embeddable":true,"href":"https:\/\/josemestre.com\/ca\/wp-json\/wp\/v2\/product_cat?post=6232"},{"taxonomy":"product_tag","embeddable":true,"href":"https:\/\/josemestre.com\/ca\/wp-json\/wp\/v2\/product_tag?post=6232"}],"curies":[{"name":"wp","href":"https:\/\/api.w.org\/{rel}","templated":true}]}}