{"id":6233,"date":"2016-07-27T08:39:48","date_gmt":"2016-07-27T09:08:43","guid":{"rendered":"http:\/\/localhost\/jm2\/product\/taps-per-a-oides-joya\/?lang=ca"},"modified":"2025-12-30T16:20:13","modified_gmt":"2025-12-30T15:20:13","slug":"taps-per-a-oides-joya","status":"publish","type":"product","link":"https:\/\/josemestre.com\/ca\/producto\/taps-per-a-oides-joya\/","title":{"rendered":"TAPS PER A O\u00cfDA &#8220;JOYA&#8221;"},"content":{"rendered":"","protected":false},"excerpt":{"rendered":"<p>Taps per a o\u00efdes. Ideals per esmorteir sons o per a usar-se en activitats aqu\u00e0tiques.<\/p>\n","protected":false},"featured_media":24213,"template":"","meta":[],"product_cat":[40,47,44],"product_tag":[1950,2008,2007,2004,2003,1934],"_links":{"self":[{"href":"https:\/\/josemestre.com\/ca\/wp-json\/wp\/v2\/product\/6233"}],"collection":[{"href":"https:\/\/josemestre.com\/ca\/wp-json\/wp\/v2\/product"}],"about":[{"href":"https:\/\/josemestre.com\/ca\/wp-json\/wp\/v2\/types\/product"}],"wp:featuredmedia":[{"embeddable":true,"href":"https:\/\/josemestre.com\/ca\/wp-json\/wp\/v2\/media\/24213"}],"wp:attachment":[{"href":"https:\/\/josemestre.com\/ca\/wp-json\/wp\/v2\/media?parent=6233"}],"wp:term":[{"taxonomy":"product_cat","embeddable":true,"href":"https:\/\/josemestre.com\/ca\/wp-json\/wp\/v2\/product_cat?post=6233"},{"taxonomy":"product_tag","embeddable":true,"href":"https:\/\/josemestre.com\/ca\/wp-json\/wp\/v2\/product_tag?post=6233"}],"curies":[{"name":"wp","href":"https:\/\/api.w.org\/{rel}","templated":true}]}}