{"id":6241,"date":"2016-07-27T08:39:48","date_gmt":"2016-07-27T09:08:43","guid":{"rendered":"http:\/\/localhost\/jm2\/product\/seient-antiescares-jm-40-cm\/?lang=ca"},"modified":"2025-12-18T17:33:13","modified_gmt":"2025-12-18T16:33:13","slug":"asiento-antillagas-jm","status":"publish","type":"product","link":"https:\/\/josemestre.com\/ca\/producto\/asiento-antillagas-jm\/","title":{"rendered":"SEIENT ANTIESCARES &#8220;JM&#8221;"},"content":{"rendered":"<p>&nbsp;<\/p>\n<p>&nbsp;<\/p>\n","protected":false},"excerpt":{"rendered":"<p>Seient inflable amb forma circular de 40 o 45 cm de di\u00e0metre per a la prevenci\u00f3 i el tractament d&#8217;\u00falceres, hemorroides\u2026 Recomanat per a aquelles persones que romanen en la mateixa posici\u00f3 durant llargs per\u00edodes de temps.Ajuda a alleugerir el dolor de les regions sacra, isqui\u00e0tica, gl\u00fatia i perineal.<\/p>\n<p>\u2013 Totalment plegable.<br \/>\n\u2013 Fabricat en color blau mar\u00ed.<br \/>\n\u2013 Composici\u00f3: 70% Policlorur de vinil, 27% Cot\u00f3, 3% Poli\u00e8ster.<\/p>\n<p>Venda per unitats.<\/p>\n","protected":false},"featured_media":20116,"template":"","meta":[],"product_cat":[1543,130,40,49,132,43],"product_tag":[1981,1982,1992,1994,1910,1908,1951],"_links":{"self":[{"href":"https:\/\/josemestre.com\/ca\/wp-json\/wp\/v2\/product\/6241"}],"collection":[{"href":"https:\/\/josemestre.com\/ca\/wp-json\/wp\/v2\/product"}],"about":[{"href":"https:\/\/josemestre.com\/ca\/wp-json\/wp\/v2\/types\/product"}],"wp:featuredmedia":[{"embeddable":true,"href":"https:\/\/josemestre.com\/ca\/wp-json\/wp\/v2\/media\/20116"}],"wp:attachment":[{"href":"https:\/\/josemestre.com\/ca\/wp-json\/wp\/v2\/media?parent=6241"}],"wp:term":[{"taxonomy":"product_cat","embeddable":true,"href":"https:\/\/josemestre.com\/ca\/wp-json\/wp\/v2\/product_cat?post=6241"},{"taxonomy":"product_tag","embeddable":true,"href":"https:\/\/josemestre.com\/ca\/wp-json\/wp\/v2\/product_tag?post=6241"}],"curies":[{"name":"wp","href":"https:\/\/api.w.org\/{rel}","templated":true}]}}