{"id":6244,"date":"2016-07-27T08:39:48","date_gmt":"2016-07-27T09:08:43","guid":{"rendered":"http:\/\/localhost\/jm2\/product\/canula-rectal-verystrong-blanca\/?lang=ca"},"modified":"2025-04-23T17:23:30","modified_gmt":"2025-04-23T16:23:30","slug":"canula-rectal-verystrong","status":"publish","type":"product","link":"https:\/\/josemestre.com\/ca\/producto\/canula-rectal-verystrong\/","title":{"rendered":"C\u00c0NULA DE PL\u00c0STIC RECTA &#8220;VERYSTRONG&#8221;"},"content":{"rendered":"","protected":false},"excerpt":{"rendered":"<p>C\u00e0nula de pl\u00e0stic.<\/p>\n<p>Venda per unitats.<\/p>\n","protected":false},"featured_media":19740,"template":"","meta":[],"product_cat":[40,42,45],"product_tag":[1967],"_links":{"self":[{"href":"https:\/\/josemestre.com\/ca\/wp-json\/wp\/v2\/product\/6244"}],"collection":[{"href":"https:\/\/josemestre.com\/ca\/wp-json\/wp\/v2\/product"}],"about":[{"href":"https:\/\/josemestre.com\/ca\/wp-json\/wp\/v2\/types\/product"}],"wp:featuredmedia":[{"embeddable":true,"href":"https:\/\/josemestre.com\/ca\/wp-json\/wp\/v2\/media\/19740"}],"wp:attachment":[{"href":"https:\/\/josemestre.com\/ca\/wp-json\/wp\/v2\/media?parent=6244"}],"wp:term":[{"taxonomy":"product_cat","embeddable":true,"href":"https:\/\/josemestre.com\/ca\/wp-json\/wp\/v2\/product_cat?post=6244"},{"taxonomy":"product_tag","embeddable":true,"href":"https:\/\/josemestre.com\/ca\/wp-json\/wp\/v2\/product_tag?post=6244"}],"curies":[{"name":"wp","href":"https:\/\/api.w.org\/{rel}","templated":true}]}}